{"id":658,"date":"2025-10-09T00:27:13","date_gmt":"2025-10-08T22:27:13","guid":{"rendered":"https:\/\/otticatrabuio.com\/occhiali-da-tiro\/?post_type=product&#038;p=658"},"modified":"2025-10-16T22:54:31","modified_gmt":"2025-10-16T20:54:31","slug":"clip-on-holder","status":"publish","type":"product","link":"https:\/\/otticatrabuio.com\/occhiali-da-tiro\/prodotto\/clip-on-holder\/","title":{"rendered":"CLIP ON HOLDER"},"content":{"rendered":"<div>\n<p><span dir=\"auto\">Il filtro &#8220;Clip-on-system&#8221; di Knobloch \u00e8 composto da un supporto e da una lente filtrante. Il supporto a clip viene inserito frontalmente sul porta-lente. \u00c8 possibile agganciare diversi filtri al supporto.<\/span><\/p>\n<p><span dir=\"auto\">A seconda delle condizioni di luce, \u00e8 possibile applicare il filtro di fissaggio pi\u00f9 adatto nei colori giallo, arancione, ametista, marrone, verde o polarizzato. Inoltre, \u00e8 possibile utilizzare un filtro ad alto contrasto e lenti con gradazione diottrica + 0,25 + 0,50 + 0,75 senza trattamento o con trattamento super antiriflesso e antigraffio.<\/span><\/p>\n<p><span dir=\"auto\">I filtri hanno le stesse dimensioni degli occhiali da tiro (\u00d8 23 mm o \u00d8 37 mm) e, se necessario, possono essere inseriti direttamente nel porta-lente.<\/span><\/p>\n<p><strong><span dir=\"auto\">Supporto a clip<\/span><\/strong><\/p>\n<p><span dir=\"auto\">\u2022 \u00d8 37 mm, nero Art.-No. 5010<\/span><br \/>\n<span dir=\"auto\">\u2022 \u00d8 23 mm, nero Art.-No. 5011<\/span><\/p>\n<\/div>\n","protected":false},"excerpt":{"rendered":"<p>Il filtro &#8220;Clip-on-system&#8221; di Knobloch \u00e8 composto da un supporto e da una lente filtrante. Il supporto a clip viene inserito frontalmente sul porta-lente. \u00c8 possibile agganciare diversi filtri al supporto. A seconda delle condizioni di luce, \u00e8 possibile applicare il filtro di fissaggio pi\u00f9 adatto nei colori giallo, arancione, ametista, marrone, verde o polarizzato. [&hellip;]<\/p>\n","protected":false},"featured_media":163,"template":"","meta":[],"product_brand":[23],"product_cat":[31,30],"product_tag":[],"class_list":{"0":"post-658","1":"product","2":"type-product","3":"status-publish","4":"has-post-thumbnail","6":"product_brand-knobloch","7":"product_cat-accessori","8":"product_cat-tiro-a-segno","10":"first","11":"instock","12":"taxable","13":"shipping-taxable","14":"purchasable","15":"product-type-variable"},"yoast_head":"<!-- This site is optimized with the Yoast SEO plugin v27.2 - https:\/\/yoast.com\/product\/yoast-seo-wordpress\/ -->\n<title>CLIP ON HOLDER - Ottica Trabuio | Occhiali da Tiro<\/title>\n<meta name=\"robots\" content=\"index, follow, max-snippet:-1, max-image-preview:large, max-video-preview:-1\" \/>\n<link rel=\"canonical\" href=\"https:\/\/otticatrabuio.com\/occhiali-da-tiro\/prodotto\/clip-on-holder\/\" \/>\n<meta property=\"og:locale\" content=\"it_IT\" \/>\n<meta property=\"og:type\" content=\"article\" \/>\n<meta property=\"og:title\" content=\"CLIP ON HOLDER - Ottica Trabuio | Occhiali da Tiro\" \/>\n<meta property=\"og:description\" content=\"Il filtro &#8220;Clip-on-system&#8221; di Knobloch \u00e8 composto da un supporto e da una lente filtrante. Il supporto a clip viene inserito frontalmente sul porta-lente. \u00c8 possibile agganciare diversi filtri al supporto. A seconda delle condizioni di luce, \u00e8 possibile applicare il filtro di fissaggio pi\u00f9 adatto nei colori giallo, arancione, ametista, marrone, verde o polarizzato. [&hellip;]\" \/>\n<meta property=\"og:url\" content=\"https:\/\/otticatrabuio.com\/occhiali-da-tiro\/prodotto\/clip-on-holder\/\" \/>\n<meta property=\"og:site_name\" content=\"Ottica Trabuio | Occhiali da Tiro\" \/>\n<meta property=\"article:modified_time\" content=\"2025-10-16T20:54:31+00:00\" \/>\n<meta property=\"og:image\" content=\"https:\/\/otticatrabuio.com\/occhiali-da-tiro\/wp-content\/uploads\/sites\/3\/2025\/08\/Clip-on_Holder.webp\" \/>\n\t<meta property=\"og:image:width\" content=\"1000\" \/>\n\t<meta property=\"og:image:height\" content=\"1000\" \/>\n\t<meta property=\"og:image:type\" content=\"image\/webp\" \/>\n<meta name=\"twitter:card\" content=\"summary_large_image\" \/>\n<meta name=\"twitter:label1\" content=\"Tempo di lettura stimato\" \/>\n\t<meta name=\"twitter:data1\" content=\"1 minuto\" \/>\n<script type=\"application\/ld+json\" class=\"yoast-schema-graph\">{\"@context\":\"https:\/\/schema.org\",\"@graph\":[{\"@type\":\"WebPage\",\"@id\":\"https:\/\/otticatrabuio.com\/occhiali-da-tiro\/prodotto\/clip-on-holder\/\",\"url\":\"https:\/\/otticatrabuio.com\/occhiali-da-tiro\/prodotto\/clip-on-holder\/\",\"name\":\"CLIP ON HOLDER - Ottica Trabuio | Occhiali da Tiro\",\"isPartOf\":{\"@id\":\"https:\/\/otticatrabuio.com\/occhiali-da-tiro\/#website\"},\"primaryImageOfPage\":{\"@id\":\"https:\/\/otticatrabuio.com\/occhiali-da-tiro\/prodotto\/clip-on-holder\/#primaryimage\"},\"image\":{\"@id\":\"https:\/\/otticatrabuio.com\/occhiali-da-tiro\/prodotto\/clip-on-holder\/#primaryimage\"},\"thumbnailUrl\":\"https:\/\/otticatrabuio.com\/occhiali-da-tiro\/wp-content\/uploads\/sites\/3\/2025\/08\/Clip-on_Holder.webp\",\"datePublished\":\"2025-10-08T22:27:13+00:00\",\"dateModified\":\"2025-10-16T20:54:31+00:00\",\"breadcrumb\":{\"@id\":\"https:\/\/otticatrabuio.com\/occhiali-da-tiro\/prodotto\/clip-on-holder\/#breadcrumb\"},\"inLanguage\":\"it-IT\",\"potentialAction\":[{\"@type\":\"ReadAction\",\"target\":[\"https:\/\/otticatrabuio.com\/occhiali-da-tiro\/prodotto\/clip-on-holder\/\"]}]},{\"@type\":\"ImageObject\",\"inLanguage\":\"it-IT\",\"@id\":\"https:\/\/otticatrabuio.com\/occhiali-da-tiro\/prodotto\/clip-on-holder\/#primaryimage\",\"url\":\"https:\/\/otticatrabuio.com\/occhiali-da-tiro\/wp-content\/uploads\/sites\/3\/2025\/08\/Clip-on_Holder.webp\",\"contentUrl\":\"https:\/\/otticatrabuio.com\/occhiali-da-tiro\/wp-content\/uploads\/sites\/3\/2025\/08\/Clip-on_Holder.webp\",\"width\":1000,\"height\":1000},{\"@type\":\"BreadcrumbList\",\"@id\":\"https:\/\/otticatrabuio.com\/occhiali-da-tiro\/prodotto\/clip-on-holder\/#breadcrumb\",\"itemListElement\":[{\"@type\":\"ListItem\",\"position\":1,\"name\":\"Home\",\"item\":\"https:\/\/otticatrabuio.com\/occhiali-da-tiro\/\"},{\"@type\":\"ListItem\",\"position\":2,\"name\":\"Shop\",\"item\":\"https:\/\/otticatrabuio.com\/occhiali-da-tiro\/negozio\/\"},{\"@type\":\"ListItem\",\"position\":3,\"name\":\"CLIP ON HOLDER\"}]},{\"@type\":\"WebSite\",\"@id\":\"https:\/\/otticatrabuio.com\/occhiali-da-tiro\/#website\",\"url\":\"https:\/\/otticatrabuio.com\/occhiali-da-tiro\/\",\"name\":\"Ottica Trabuio | Occhiali da Tiro\",\"description\":\"\",\"publisher\":{\"@id\":\"https:\/\/otticatrabuio.com\/occhiali-da-tiro\/#organization\"},\"potentialAction\":[{\"@type\":\"SearchAction\",\"target\":{\"@type\":\"EntryPoint\",\"urlTemplate\":\"https:\/\/otticatrabuio.com\/occhiali-da-tiro\/?s={search_term_string}\"},\"query-input\":{\"@type\":\"PropertyValueSpecification\",\"valueRequired\":true,\"valueName\":\"search_term_string\"}}],\"inLanguage\":\"it-IT\"},{\"@type\":\"Organization\",\"@id\":\"https:\/\/otticatrabuio.com\/occhiali-da-tiro\/#organization\",\"name\":\"Ottica Trabuio | Occhiali da Tiro\",\"url\":\"https:\/\/otticatrabuio.com\/occhiali-da-tiro\/\",\"logo\":{\"@type\":\"ImageObject\",\"inLanguage\":\"it-IT\",\"@id\":\"https:\/\/otticatrabuio.com\/occhiali-da-tiro\/#\/schema\/logo\/image\/\",\"url\":\"https:\/\/otticatrabuio.com\/occhiali-da-tiro\/wp-content\/uploads\/sites\/3\/2025\/07\/occhiali-da-tiro-logo-bianco.webp\",\"contentUrl\":\"https:\/\/otticatrabuio.com\/occhiali-da-tiro\/wp-content\/uploads\/sites\/3\/2025\/07\/occhiali-da-tiro-logo-bianco.webp\",\"width\":507,\"height\":152,\"caption\":\"Ottica Trabuio | Occhiali da Tiro\"},\"image\":{\"@id\":\"https:\/\/otticatrabuio.com\/occhiali-da-tiro\/#\/schema\/logo\/image\/\"}}]}<\/script>\n<!-- \/ Yoast SEO plugin. -->","yoast_head_json":{"title":"CLIP ON HOLDER - Ottica Trabuio | Occhiali da Tiro","robots":{"index":"index","follow":"follow","max-snippet":"max-snippet:-1","max-image-preview":"max-image-preview:large","max-video-preview":"max-video-preview:-1"},"canonical":"https:\/\/otticatrabuio.com\/occhiali-da-tiro\/prodotto\/clip-on-holder\/","og_locale":"it_IT","og_type":"article","og_title":"CLIP ON HOLDER - Ottica Trabuio | Occhiali da Tiro","og_description":"Il filtro &#8220;Clip-on-system&#8221; di Knobloch \u00e8 composto da un supporto e da una lente filtrante. Il supporto a clip viene inserito frontalmente sul porta-lente. \u00c8 possibile agganciare diversi filtri al supporto. A seconda delle condizioni di luce, \u00e8 possibile applicare il filtro di fissaggio pi\u00f9 adatto nei colori giallo, arancione, ametista, marrone, verde o polarizzato. [&hellip;]","og_url":"https:\/\/otticatrabuio.com\/occhiali-da-tiro\/prodotto\/clip-on-holder\/","og_site_name":"Ottica Trabuio | Occhiali da Tiro","article_modified_time":"2025-10-16T20:54:31+00:00","og_image":[{"width":1000,"height":1000,"url":"https:\/\/otticatrabuio.com\/occhiali-da-tiro\/wp-content\/uploads\/sites\/3\/2025\/08\/Clip-on_Holder.webp","type":"image\/webp"}],"twitter_card":"summary_large_image","twitter_misc":{"Tempo di lettura stimato":"1 minuto"},"schema":{"@context":"https:\/\/schema.org","@graph":[{"@type":"WebPage","@id":"https:\/\/otticatrabuio.com\/occhiali-da-tiro\/prodotto\/clip-on-holder\/","url":"https:\/\/otticatrabuio.com\/occhiali-da-tiro\/prodotto\/clip-on-holder\/","name":"CLIP ON HOLDER - Ottica Trabuio | Occhiali da Tiro","isPartOf":{"@id":"https:\/\/otticatrabuio.com\/occhiali-da-tiro\/#website"},"primaryImageOfPage":{"@id":"https:\/\/otticatrabuio.com\/occhiali-da-tiro\/prodotto\/clip-on-holder\/#primaryimage"},"image":{"@id":"https:\/\/otticatrabuio.com\/occhiali-da-tiro\/prodotto\/clip-on-holder\/#primaryimage"},"thumbnailUrl":"https:\/\/otticatrabuio.com\/occhiali-da-tiro\/wp-content\/uploads\/sites\/3\/2025\/08\/Clip-on_Holder.webp","datePublished":"2025-10-08T22:27:13+00:00","dateModified":"2025-10-16T20:54:31+00:00","breadcrumb":{"@id":"https:\/\/otticatrabuio.com\/occhiali-da-tiro\/prodotto\/clip-on-holder\/#breadcrumb"},"inLanguage":"it-IT","potentialAction":[{"@type":"ReadAction","target":["https:\/\/otticatrabuio.com\/occhiali-da-tiro\/prodotto\/clip-on-holder\/"]}]},{"@type":"ImageObject","inLanguage":"it-IT","@id":"https:\/\/otticatrabuio.com\/occhiali-da-tiro\/prodotto\/clip-on-holder\/#primaryimage","url":"https:\/\/otticatrabuio.com\/occhiali-da-tiro\/wp-content\/uploads\/sites\/3\/2025\/08\/Clip-on_Holder.webp","contentUrl":"https:\/\/otticatrabuio.com\/occhiali-da-tiro\/wp-content\/uploads\/sites\/3\/2025\/08\/Clip-on_Holder.webp","width":1000,"height":1000},{"@type":"BreadcrumbList","@id":"https:\/\/otticatrabuio.com\/occhiali-da-tiro\/prodotto\/clip-on-holder\/#breadcrumb","itemListElement":[{"@type":"ListItem","position":1,"name":"Home","item":"https:\/\/otticatrabuio.com\/occhiali-da-tiro\/"},{"@type":"ListItem","position":2,"name":"Shop","item":"https:\/\/otticatrabuio.com\/occhiali-da-tiro\/negozio\/"},{"@type":"ListItem","position":3,"name":"CLIP ON HOLDER"}]},{"@type":"WebSite","@id":"https:\/\/otticatrabuio.com\/occhiali-da-tiro\/#website","url":"https:\/\/otticatrabuio.com\/occhiali-da-tiro\/","name":"Ottica Trabuio | Occhiali da Tiro","description":"","publisher":{"@id":"https:\/\/otticatrabuio.com\/occhiali-da-tiro\/#organization"},"potentialAction":[{"@type":"SearchAction","target":{"@type":"EntryPoint","urlTemplate":"https:\/\/otticatrabuio.com\/occhiali-da-tiro\/?s={search_term_string}"},"query-input":{"@type":"PropertyValueSpecification","valueRequired":true,"valueName":"search_term_string"}}],"inLanguage":"it-IT"},{"@type":"Organization","@id":"https:\/\/otticatrabuio.com\/occhiali-da-tiro\/#organization","name":"Ottica Trabuio | Occhiali da Tiro","url":"https:\/\/otticatrabuio.com\/occhiali-da-tiro\/","logo":{"@type":"ImageObject","inLanguage":"it-IT","@id":"https:\/\/otticatrabuio.com\/occhiali-da-tiro\/#\/schema\/logo\/image\/","url":"https:\/\/otticatrabuio.com\/occhiali-da-tiro\/wp-content\/uploads\/sites\/3\/2025\/07\/occhiali-da-tiro-logo-bianco.webp","contentUrl":"https:\/\/otticatrabuio.com\/occhiali-da-tiro\/wp-content\/uploads\/sites\/3\/2025\/07\/occhiali-da-tiro-logo-bianco.webp","width":507,"height":152,"caption":"Ottica Trabuio | Occhiali da Tiro"},"image":{"@id":"https:\/\/otticatrabuio.com\/occhiali-da-tiro\/#\/schema\/logo\/image\/"}}]}},"_links":{"self":[{"href":"https:\/\/otticatrabuio.com\/occhiali-da-tiro\/wp-json\/wp\/v2\/product\/658","targetHints":{"allow":["GET"]}}],"collection":[{"href":"https:\/\/otticatrabuio.com\/occhiali-da-tiro\/wp-json\/wp\/v2\/product"}],"about":[{"href":"https:\/\/otticatrabuio.com\/occhiali-da-tiro\/wp-json\/wp\/v2\/types\/product"}],"wp:featuredmedia":[{"embeddable":true,"href":"https:\/\/otticatrabuio.com\/occhiali-da-tiro\/wp-json\/wp\/v2\/media\/163"}],"wp:attachment":[{"href":"https:\/\/otticatrabuio.com\/occhiali-da-tiro\/wp-json\/wp\/v2\/media?parent=658"}],"wp:term":[{"taxonomy":"product_brand","embeddable":true,"href":"https:\/\/otticatrabuio.com\/occhiali-da-tiro\/wp-json\/wp\/v2\/product_brand?post=658"},{"taxonomy":"product_cat","embeddable":true,"href":"https:\/\/otticatrabuio.com\/occhiali-da-tiro\/wp-json\/wp\/v2\/product_cat?post=658"},{"taxonomy":"product_tag","embeddable":true,"href":"https:\/\/otticatrabuio.com\/occhiali-da-tiro\/wp-json\/wp\/v2\/product_tag?post=658"}],"curies":[{"name":"wp","href":"https:\/\/api.w.org\/{rel}","templated":true}]}}