{"id":655,"date":"2025-10-09T00:16:38","date_gmt":"2025-10-08T22:16:38","guid":{"rendered":"https:\/\/otticatrabuio.com\/occhiali-da-tiro\/?post_type=product&#038;p=655"},"modified":"2025-10-16T22:58:03","modified_gmt":"2025-10-16T20:58:03","slug":"655","status":"publish","type":"product","link":"https:\/\/otticatrabuio.com\/occhiali-da-tiro\/prodotto\/655\/","title":{"rendered":"COVER DISC"},"content":{"rendered":"<p>Il disco di copertura copre l&#8217;occhio non mirante, impedendogli di partecipare al processo di mira. Questo permette al tiratore di lasciare entrambi gli occhi aperti. Il disco di copertura \u00e8 largo 30 mm, pu\u00f2 essere ruotato ed \u00e8 disponibile nei colori nero, bianco e traslucido.<\/p>\n<h4><strong><span dir=\"auto\">Cover Disc<\/span><\/strong><\/h4>\n<p><span dir=\"auto\">\u2022 Materiale: PP<\/span><br \/>\n<span dir=\"auto\">\u2022 nero Art.-No. 2159<\/span><br \/>\n<span dir=\"auto\">\u2022 bianco Art.-No. 2160<\/span><br \/>\n<span dir=\"auto\">\u2022 traslucido Art.-No. 2165<\/span><\/p>\n","protected":false},"excerpt":{"rendered":"<p>Il disco di copertura copre l&#8217;occhio non mirante, impedendogli di partecipare al processo di mira. Questo permette al tiratore di lasciare entrambi gli occhi aperti. Il disco di copertura \u00e8 largo 30 mm, pu\u00f2 essere ruotato ed \u00e8 disponibile nei colori nero, bianco e traslucido. Cover Disc \u2022 Materiale: PP \u2022 nero Art.-No. 2159 \u2022 [&hellip;]<\/p>\n","protected":false},"featured_media":162,"template":"","meta":[],"product_brand":[23],"product_cat":[31,30],"product_tag":[],"class_list":{"0":"post-655","1":"product","2":"type-product","3":"status-publish","4":"has-post-thumbnail","6":"product_brand-knobloch","7":"product_cat-accessori","8":"product_cat-tiro-a-segno","10":"first","11":"instock","12":"taxable","13":"shipping-taxable","14":"purchasable","15":"product-type-variable"},"yoast_head":"<!-- This site is optimized with the Yoast SEO plugin v27.2 - https:\/\/yoast.com\/product\/yoast-seo-wordpress\/ -->\n<title>COVER DISC - Ottica Trabuio | Occhiali da Tiro<\/title>\n<meta name=\"robots\" content=\"index, follow, max-snippet:-1, max-image-preview:large, max-video-preview:-1\" \/>\n<link rel=\"canonical\" href=\"https:\/\/otticatrabuio.com\/occhiali-da-tiro\/prodotto\/655\/\" \/>\n<meta property=\"og:locale\" content=\"it_IT\" \/>\n<meta property=\"og:type\" content=\"article\" \/>\n<meta property=\"og:title\" content=\"COVER DISC - Ottica Trabuio | Occhiali da Tiro\" \/>\n<meta property=\"og:description\" content=\"Il disco di copertura copre l&#8217;occhio non mirante, impedendogli di partecipare al processo di mira. Questo permette al tiratore di lasciare entrambi gli occhi aperti. Il disco di copertura \u00e8 largo 30 mm, pu\u00f2 essere ruotato ed \u00e8 disponibile nei colori nero, bianco e traslucido. Cover Disc \u2022 Materiale: PP \u2022 nero Art.-No. 2159 \u2022 [&hellip;]\" \/>\n<meta property=\"og:url\" content=\"https:\/\/otticatrabuio.com\/occhiali-da-tiro\/prodotto\/655\/\" \/>\n<meta property=\"og:site_name\" content=\"Ottica Trabuio | Occhiali da Tiro\" \/>\n<meta property=\"article:modified_time\" content=\"2025-10-16T20:58:03+00:00\" \/>\n<meta property=\"og:image\" content=\"https:\/\/otticatrabuio.com\/occhiali-da-tiro\/wp-content\/uploads\/sites\/3\/2025\/08\/cover-disc.webp\" \/>\n\t<meta property=\"og:image:width\" content=\"1000\" \/>\n\t<meta property=\"og:image:height\" content=\"1000\" \/>\n\t<meta property=\"og:image:type\" content=\"image\/webp\" \/>\n<meta name=\"twitter:card\" content=\"summary_large_image\" \/>\n<script type=\"application\/ld+json\" class=\"yoast-schema-graph\">{\"@context\":\"https:\/\/schema.org\",\"@graph\":[{\"@type\":\"WebPage\",\"@id\":\"https:\/\/otticatrabuio.com\/occhiali-da-tiro\/prodotto\/655\/\",\"url\":\"https:\/\/otticatrabuio.com\/occhiali-da-tiro\/prodotto\/655\/\",\"name\":\"COVER DISC - Ottica Trabuio | Occhiali da Tiro\",\"isPartOf\":{\"@id\":\"https:\/\/otticatrabuio.com\/occhiali-da-tiro\/#website\"},\"primaryImageOfPage\":{\"@id\":\"https:\/\/otticatrabuio.com\/occhiali-da-tiro\/prodotto\/655\/#primaryimage\"},\"image\":{\"@id\":\"https:\/\/otticatrabuio.com\/occhiali-da-tiro\/prodotto\/655\/#primaryimage\"},\"thumbnailUrl\":\"https:\/\/otticatrabuio.com\/occhiali-da-tiro\/wp-content\/uploads\/sites\/3\/2025\/08\/cover-disc.webp\",\"datePublished\":\"2025-10-08T22:16:38+00:00\",\"dateModified\":\"2025-10-16T20:58:03+00:00\",\"breadcrumb\":{\"@id\":\"https:\/\/otticatrabuio.com\/occhiali-da-tiro\/prodotto\/655\/#breadcrumb\"},\"inLanguage\":\"it-IT\",\"potentialAction\":[{\"@type\":\"ReadAction\",\"target\":[\"https:\/\/otticatrabuio.com\/occhiali-da-tiro\/prodotto\/655\/\"]}]},{\"@type\":\"ImageObject\",\"inLanguage\":\"it-IT\",\"@id\":\"https:\/\/otticatrabuio.com\/occhiali-da-tiro\/prodotto\/655\/#primaryimage\",\"url\":\"https:\/\/otticatrabuio.com\/occhiali-da-tiro\/wp-content\/uploads\/sites\/3\/2025\/08\/cover-disc.webp\",\"contentUrl\":\"https:\/\/otticatrabuio.com\/occhiali-da-tiro\/wp-content\/uploads\/sites\/3\/2025\/08\/cover-disc.webp\",\"width\":1000,\"height\":1000},{\"@type\":\"BreadcrumbList\",\"@id\":\"https:\/\/otticatrabuio.com\/occhiali-da-tiro\/prodotto\/655\/#breadcrumb\",\"itemListElement\":[{\"@type\":\"ListItem\",\"position\":1,\"name\":\"Home\",\"item\":\"https:\/\/otticatrabuio.com\/occhiali-da-tiro\/\"},{\"@type\":\"ListItem\",\"position\":2,\"name\":\"Shop\",\"item\":\"https:\/\/otticatrabuio.com\/occhiali-da-tiro\/negozio\/\"},{\"@type\":\"ListItem\",\"position\":3,\"name\":\"COVER DISC\"}]},{\"@type\":\"WebSite\",\"@id\":\"https:\/\/otticatrabuio.com\/occhiali-da-tiro\/#website\",\"url\":\"https:\/\/otticatrabuio.com\/occhiali-da-tiro\/\",\"name\":\"Ottica Trabuio | Occhiali da Tiro\",\"description\":\"\",\"publisher\":{\"@id\":\"https:\/\/otticatrabuio.com\/occhiali-da-tiro\/#organization\"},\"potentialAction\":[{\"@type\":\"SearchAction\",\"target\":{\"@type\":\"EntryPoint\",\"urlTemplate\":\"https:\/\/otticatrabuio.com\/occhiali-da-tiro\/?s={search_term_string}\"},\"query-input\":{\"@type\":\"PropertyValueSpecification\",\"valueRequired\":true,\"valueName\":\"search_term_string\"}}],\"inLanguage\":\"it-IT\"},{\"@type\":\"Organization\",\"@id\":\"https:\/\/otticatrabuio.com\/occhiali-da-tiro\/#organization\",\"name\":\"Ottica Trabuio | Occhiali da Tiro\",\"url\":\"https:\/\/otticatrabuio.com\/occhiali-da-tiro\/\",\"logo\":{\"@type\":\"ImageObject\",\"inLanguage\":\"it-IT\",\"@id\":\"https:\/\/otticatrabuio.com\/occhiali-da-tiro\/#\/schema\/logo\/image\/\",\"url\":\"https:\/\/otticatrabuio.com\/occhiali-da-tiro\/wp-content\/uploads\/sites\/3\/2025\/07\/occhiali-da-tiro-logo-bianco.webp\",\"contentUrl\":\"https:\/\/otticatrabuio.com\/occhiali-da-tiro\/wp-content\/uploads\/sites\/3\/2025\/07\/occhiali-da-tiro-logo-bianco.webp\",\"width\":507,\"height\":152,\"caption\":\"Ottica Trabuio | Occhiali da Tiro\"},\"image\":{\"@id\":\"https:\/\/otticatrabuio.com\/occhiali-da-tiro\/#\/schema\/logo\/image\/\"}}]}<\/script>\n<!-- \/ Yoast SEO plugin. -->","yoast_head_json":{"title":"COVER DISC - Ottica Trabuio | Occhiali da Tiro","robots":{"index":"index","follow":"follow","max-snippet":"max-snippet:-1","max-image-preview":"max-image-preview:large","max-video-preview":"max-video-preview:-1"},"canonical":"https:\/\/otticatrabuio.com\/occhiali-da-tiro\/prodotto\/655\/","og_locale":"it_IT","og_type":"article","og_title":"COVER DISC - Ottica Trabuio | Occhiali da Tiro","og_description":"Il disco di copertura copre l&#8217;occhio non mirante, impedendogli di partecipare al processo di mira. Questo permette al tiratore di lasciare entrambi gli occhi aperti. Il disco di copertura \u00e8 largo 30 mm, pu\u00f2 essere ruotato ed \u00e8 disponibile nei colori nero, bianco e traslucido. Cover Disc \u2022 Materiale: PP \u2022 nero Art.-No. 2159 \u2022 [&hellip;]","og_url":"https:\/\/otticatrabuio.com\/occhiali-da-tiro\/prodotto\/655\/","og_site_name":"Ottica Trabuio | Occhiali da Tiro","article_modified_time":"2025-10-16T20:58:03+00:00","og_image":[{"width":1000,"height":1000,"url":"https:\/\/otticatrabuio.com\/occhiali-da-tiro\/wp-content\/uploads\/sites\/3\/2025\/08\/cover-disc.webp","type":"image\/webp"}],"twitter_card":"summary_large_image","schema":{"@context":"https:\/\/schema.org","@graph":[{"@type":"WebPage","@id":"https:\/\/otticatrabuio.com\/occhiali-da-tiro\/prodotto\/655\/","url":"https:\/\/otticatrabuio.com\/occhiali-da-tiro\/prodotto\/655\/","name":"COVER DISC - Ottica Trabuio | Occhiali da Tiro","isPartOf":{"@id":"https:\/\/otticatrabuio.com\/occhiali-da-tiro\/#website"},"primaryImageOfPage":{"@id":"https:\/\/otticatrabuio.com\/occhiali-da-tiro\/prodotto\/655\/#primaryimage"},"image":{"@id":"https:\/\/otticatrabuio.com\/occhiali-da-tiro\/prodotto\/655\/#primaryimage"},"thumbnailUrl":"https:\/\/otticatrabuio.com\/occhiali-da-tiro\/wp-content\/uploads\/sites\/3\/2025\/08\/cover-disc.webp","datePublished":"2025-10-08T22:16:38+00:00","dateModified":"2025-10-16T20:58:03+00:00","breadcrumb":{"@id":"https:\/\/otticatrabuio.com\/occhiali-da-tiro\/prodotto\/655\/#breadcrumb"},"inLanguage":"it-IT","potentialAction":[{"@type":"ReadAction","target":["https:\/\/otticatrabuio.com\/occhiali-da-tiro\/prodotto\/655\/"]}]},{"@type":"ImageObject","inLanguage":"it-IT","@id":"https:\/\/otticatrabuio.com\/occhiali-da-tiro\/prodotto\/655\/#primaryimage","url":"https:\/\/otticatrabuio.com\/occhiali-da-tiro\/wp-content\/uploads\/sites\/3\/2025\/08\/cover-disc.webp","contentUrl":"https:\/\/otticatrabuio.com\/occhiali-da-tiro\/wp-content\/uploads\/sites\/3\/2025\/08\/cover-disc.webp","width":1000,"height":1000},{"@type":"BreadcrumbList","@id":"https:\/\/otticatrabuio.com\/occhiali-da-tiro\/prodotto\/655\/#breadcrumb","itemListElement":[{"@type":"ListItem","position":1,"name":"Home","item":"https:\/\/otticatrabuio.com\/occhiali-da-tiro\/"},{"@type":"ListItem","position":2,"name":"Shop","item":"https:\/\/otticatrabuio.com\/occhiali-da-tiro\/negozio\/"},{"@type":"ListItem","position":3,"name":"COVER DISC"}]},{"@type":"WebSite","@id":"https:\/\/otticatrabuio.com\/occhiali-da-tiro\/#website","url":"https:\/\/otticatrabuio.com\/occhiali-da-tiro\/","name":"Ottica Trabuio | Occhiali da Tiro","description":"","publisher":{"@id":"https:\/\/otticatrabuio.com\/occhiali-da-tiro\/#organization"},"potentialAction":[{"@type":"SearchAction","target":{"@type":"EntryPoint","urlTemplate":"https:\/\/otticatrabuio.com\/occhiali-da-tiro\/?s={search_term_string}"},"query-input":{"@type":"PropertyValueSpecification","valueRequired":true,"valueName":"search_term_string"}}],"inLanguage":"it-IT"},{"@type":"Organization","@id":"https:\/\/otticatrabuio.com\/occhiali-da-tiro\/#organization","name":"Ottica Trabuio | Occhiali da Tiro","url":"https:\/\/otticatrabuio.com\/occhiali-da-tiro\/","logo":{"@type":"ImageObject","inLanguage":"it-IT","@id":"https:\/\/otticatrabuio.com\/occhiali-da-tiro\/#\/schema\/logo\/image\/","url":"https:\/\/otticatrabuio.com\/occhiali-da-tiro\/wp-content\/uploads\/sites\/3\/2025\/07\/occhiali-da-tiro-logo-bianco.webp","contentUrl":"https:\/\/otticatrabuio.com\/occhiali-da-tiro\/wp-content\/uploads\/sites\/3\/2025\/07\/occhiali-da-tiro-logo-bianco.webp","width":507,"height":152,"caption":"Ottica Trabuio | Occhiali da Tiro"},"image":{"@id":"https:\/\/otticatrabuio.com\/occhiali-da-tiro\/#\/schema\/logo\/image\/"}}]}},"_links":{"self":[{"href":"https:\/\/otticatrabuio.com\/occhiali-da-tiro\/wp-json\/wp\/v2\/product\/655","targetHints":{"allow":["GET"]}}],"collection":[{"href":"https:\/\/otticatrabuio.com\/occhiali-da-tiro\/wp-json\/wp\/v2\/product"}],"about":[{"href":"https:\/\/otticatrabuio.com\/occhiali-da-tiro\/wp-json\/wp\/v2\/types\/product"}],"wp:featuredmedia":[{"embeddable":true,"href":"https:\/\/otticatrabuio.com\/occhiali-da-tiro\/wp-json\/wp\/v2\/media\/162"}],"wp:attachment":[{"href":"https:\/\/otticatrabuio.com\/occhiali-da-tiro\/wp-json\/wp\/v2\/media?parent=655"}],"wp:term":[{"taxonomy":"product_brand","embeddable":true,"href":"https:\/\/otticatrabuio.com\/occhiali-da-tiro\/wp-json\/wp\/v2\/product_brand?post=655"},{"taxonomy":"product_cat","embeddable":true,"href":"https:\/\/otticatrabuio.com\/occhiali-da-tiro\/wp-json\/wp\/v2\/product_cat?post=655"},{"taxonomy":"product_tag","embeddable":true,"href":"https:\/\/otticatrabuio.com\/occhiali-da-tiro\/wp-json\/wp\/v2\/product_tag?post=655"}],"curies":[{"name":"wp","href":"https:\/\/api.w.org\/{rel}","templated":true}]}}