{"id":579,"date":"2025-10-03T17:35:57","date_gmt":"2025-10-03T15:35:57","guid":{"rendered":"https:\/\/otticatrabuio.com\/occhiali-da-tiro\/?post_type=product&#038;p=579"},"modified":"2025-10-26T11:20:11","modified_gmt":"2025-10-26T10:20:11","slug":"k4","status":"publish","type":"product","link":"https:\/\/otticatrabuio.com\/occhiali-da-tiro\/prodotto\/k4\/","title":{"rendered":"K4"},"content":{"rendered":"<div id=\"autogrid_wrapper_27133\" class=\"autogrid_wrapper cte block\">\n<div class=\"inner\">\n<div class=\"ce_text autogrid-id_27133 autogrid-type_cte autogrid-first autogrid-last n1 autogrid_mode_auto autogrid full block\">\n<div>\n<div>\n<p><span dir=\"auto\">Gli occhiali Knobloch con archetto con supporto per lenti variabili \u2300 23 mm e disco di copertura in nero, bianco o traslucido. Il modello K4 \u00e8 un paio di occhiali da tiro speciale per i tiratori che non si sentono a proprio agio indossando occhiali con stanghette.<\/span><\/p>\n<p>&nbsp;<\/p>\n<\/div>\n<div>\n<p><span dir=\"auto\">Gli occhiali con fascia Knobloch offrono una vestibilit\u00e0 particolarmente confortevole con pratica chiusura a strappo per diverse dimensioni della testa. La fodera interna in pile \u00e8 lavabile separatamente (30\u00b0C). Custodia inclusa. Un supporto per asta variabile \u00e8 disponibile come optional (art. n. 1059).<\/span><\/p>\n<\/div>\n<\/div>\n<\/div>\n<\/div>\n<\/div>\n<div class=\"ce_text block\">\n<figure class=\"image_container float_right\"><\/figure>\n<p><strong><span dir=\"auto\">Modello K4<\/span><\/strong><\/p>\n<ul class=\"description\">\n<li><span dir=\"auto\">Materiale: rivestimento in alpacca cromata, acciaio di alta qualit\u00e0, silicio, termoplastico<\/span><\/li>\n<li><span dir=\"auto\">Fascia: 80% PA, 9% PV, 5% PC, 6% LY<\/span><\/li>\n<li><span dir=\"auto\">Art. n. 1034<\/span><\/li>\n<\/ul>\n<p>&nbsp;<\/p>\n<p><strong><span dir=\"auto\">Fascia con disco di copertura<\/span><br \/>\n<\/strong><\/p>\n<ul class=\"description\">\n<li><span dir=\"auto\">Materiale: Fascia 80% PA, 9% PV, 5% PC, 6% LY<\/span><\/li>\n<li><span dir=\"auto\">Disco di copertura: 100% PP<\/span><\/li>\n<li><span dir=\"auto\">nero, bianco o traslucido (specificare il colore al momento dell&#8217;ordine)<\/span><\/li>\n<li><span dir=\"auto\">Art. n. 1032<\/span><\/li>\n<\/ul>\n<div>\n<div>\n<p><span dir=\"auto\">La fascia Knobloch con rivestimento interno in pile rimovibile \u00e8 pensata per i tiratori che non necessitano di lenti ma utilizzano un disco di copertura. Con il supporto \u00e8 possibile scegliere tra coperture nere, bianche o trasparenti. \u00c8 anche possibile fissare senza problemi una protezione laterale Knobloch a questa fascia.<\/span><\/p>\n<\/div>\n<\/div>\n<\/div>\n<div class=\"ce_text last block\">\n<div>\n<p><span dir=\"auto\">Gli occhiali da tiro K4 sono dotati di custodia imbottita in schiuma\u00a0<strong>K4-Etui EA e di un cacciavite.<\/strong><\/span><\/p>\n<\/div>\n<\/div>\n","protected":false},"excerpt":{"rendered":"<p>Gli occhiali Knobloch con archetto con supporto per lenti variabili \u2300 23 mm e disco di copertura in nero, bianco o traslucido. Il modello K4 \u00e8 un paio di occhiali da tiro speciale per i tiratori che non si sentono a proprio agio indossando occhiali con stanghette. &nbsp; Gli occhiali con fascia Knobloch offrono una [&hellip;]<\/p>\n","protected":false},"featured_media":168,"template":"","meta":[],"product_brand":[23],"product_cat":[30],"product_tag":[],"class_list":{"0":"post-579","1":"product","2":"type-product","3":"status-publish","4":"has-post-thumbnail","6":"product_brand-knobloch","7":"product_cat-tiro-a-segno","9":"first","10":"instock","11":"taxable","12":"shipping-taxable","13":"purchasable","14":"product-type-simple"},"yoast_head":"<!-- This site is optimized with the Yoast SEO plugin v27.2 - https:\/\/yoast.com\/product\/yoast-seo-wordpress\/ -->\n<title>K4 - Ottica Trabuio | Occhiali da Tiro<\/title>\n<meta name=\"robots\" content=\"index, follow, max-snippet:-1, max-image-preview:large, max-video-preview:-1\" \/>\n<link rel=\"canonical\" href=\"https:\/\/otticatrabuio.com\/occhiali-da-tiro\/prodotto\/k4\/\" \/>\n<meta property=\"og:locale\" content=\"it_IT\" \/>\n<meta property=\"og:type\" content=\"article\" \/>\n<meta property=\"og:title\" content=\"K4 - Ottica Trabuio | Occhiali da Tiro\" \/>\n<meta property=\"og:description\" content=\"Gli occhiali Knobloch con archetto con supporto per lenti variabili \u2300 23 mm e disco di copertura in nero, bianco o traslucido. Il modello K4 \u00e8 un paio di occhiali da tiro speciale per i tiratori che non si sentono a proprio agio indossando occhiali con stanghette. &nbsp; Gli occhiali con fascia Knobloch offrono una [&hellip;]\" \/>\n<meta property=\"og:url\" content=\"https:\/\/otticatrabuio.com\/occhiali-da-tiro\/prodotto\/k4\/\" \/>\n<meta property=\"og:site_name\" content=\"Ottica Trabuio | Occhiali da Tiro\" \/>\n<meta property=\"article:modified_time\" content=\"2025-10-26T10:20:11+00:00\" \/>\n<meta property=\"og:image\" content=\"https:\/\/otticatrabuio.com\/occhiali-da-tiro\/wp-content\/uploads\/sites\/3\/2025\/08\/k4-Photoroom.webp\" \/>\n\t<meta property=\"og:image:width\" content=\"1000\" \/>\n\t<meta property=\"og:image:height\" content=\"1000\" \/>\n\t<meta property=\"og:image:type\" content=\"image\/webp\" \/>\n<meta name=\"twitter:card\" content=\"summary_large_image\" \/>\n<meta name=\"twitter:label1\" content=\"Tempo di lettura stimato\" \/>\n\t<meta name=\"twitter:data1\" content=\"1 minuto\" \/>\n<script type=\"application\/ld+json\" class=\"yoast-schema-graph\">{\"@context\":\"https:\/\/schema.org\",\"@graph\":[{\"@type\":\"WebPage\",\"@id\":\"https:\/\/otticatrabuio.com\/occhiali-da-tiro\/prodotto\/k4\/\",\"url\":\"https:\/\/otticatrabuio.com\/occhiali-da-tiro\/prodotto\/k4\/\",\"name\":\"K4 - Ottica Trabuio | Occhiali da Tiro\",\"isPartOf\":{\"@id\":\"https:\/\/otticatrabuio.com\/occhiali-da-tiro\/#website\"},\"primaryImageOfPage\":{\"@id\":\"https:\/\/otticatrabuio.com\/occhiali-da-tiro\/prodotto\/k4\/#primaryimage\"},\"image\":{\"@id\":\"https:\/\/otticatrabuio.com\/occhiali-da-tiro\/prodotto\/k4\/#primaryimage\"},\"thumbnailUrl\":\"https:\/\/otticatrabuio.com\/occhiali-da-tiro\/wp-content\/uploads\/sites\/3\/2025\/08\/k4-Photoroom.webp\",\"datePublished\":\"2025-10-03T15:35:57+00:00\",\"dateModified\":\"2025-10-26T10:20:11+00:00\",\"breadcrumb\":{\"@id\":\"https:\/\/otticatrabuio.com\/occhiali-da-tiro\/prodotto\/k4\/#breadcrumb\"},\"inLanguage\":\"it-IT\",\"potentialAction\":[{\"@type\":\"ReadAction\",\"target\":[\"https:\/\/otticatrabuio.com\/occhiali-da-tiro\/prodotto\/k4\/\"]}]},{\"@type\":\"ImageObject\",\"inLanguage\":\"it-IT\",\"@id\":\"https:\/\/otticatrabuio.com\/occhiali-da-tiro\/prodotto\/k4\/#primaryimage\",\"url\":\"https:\/\/otticatrabuio.com\/occhiali-da-tiro\/wp-content\/uploads\/sites\/3\/2025\/08\/k4-Photoroom.webp\",\"contentUrl\":\"https:\/\/otticatrabuio.com\/occhiali-da-tiro\/wp-content\/uploads\/sites\/3\/2025\/08\/k4-Photoroom.webp\",\"width\":1000,\"height\":1000},{\"@type\":\"BreadcrumbList\",\"@id\":\"https:\/\/otticatrabuio.com\/occhiali-da-tiro\/prodotto\/k4\/#breadcrumb\",\"itemListElement\":[{\"@type\":\"ListItem\",\"position\":1,\"name\":\"Home\",\"item\":\"https:\/\/otticatrabuio.com\/occhiali-da-tiro\/\"},{\"@type\":\"ListItem\",\"position\":2,\"name\":\"Shop\",\"item\":\"https:\/\/otticatrabuio.com\/occhiali-da-tiro\/negozio\/\"},{\"@type\":\"ListItem\",\"position\":3,\"name\":\"K4\"}]},{\"@type\":\"WebSite\",\"@id\":\"https:\/\/otticatrabuio.com\/occhiali-da-tiro\/#website\",\"url\":\"https:\/\/otticatrabuio.com\/occhiali-da-tiro\/\",\"name\":\"Ottica Trabuio | Occhiali da Tiro\",\"description\":\"\",\"publisher\":{\"@id\":\"https:\/\/otticatrabuio.com\/occhiali-da-tiro\/#organization\"},\"potentialAction\":[{\"@type\":\"SearchAction\",\"target\":{\"@type\":\"EntryPoint\",\"urlTemplate\":\"https:\/\/otticatrabuio.com\/occhiali-da-tiro\/?s={search_term_string}\"},\"query-input\":{\"@type\":\"PropertyValueSpecification\",\"valueRequired\":true,\"valueName\":\"search_term_string\"}}],\"inLanguage\":\"it-IT\"},{\"@type\":\"Organization\",\"@id\":\"https:\/\/otticatrabuio.com\/occhiali-da-tiro\/#organization\",\"name\":\"Ottica Trabuio | Occhiali da Tiro\",\"url\":\"https:\/\/otticatrabuio.com\/occhiali-da-tiro\/\",\"logo\":{\"@type\":\"ImageObject\",\"inLanguage\":\"it-IT\",\"@id\":\"https:\/\/otticatrabuio.com\/occhiali-da-tiro\/#\/schema\/logo\/image\/\",\"url\":\"https:\/\/otticatrabuio.com\/occhiali-da-tiro\/wp-content\/uploads\/sites\/3\/2025\/07\/occhiali-da-tiro-logo-bianco.webp\",\"contentUrl\":\"https:\/\/otticatrabuio.com\/occhiali-da-tiro\/wp-content\/uploads\/sites\/3\/2025\/07\/occhiali-da-tiro-logo-bianco.webp\",\"width\":507,\"height\":152,\"caption\":\"Ottica Trabuio | Occhiali da Tiro\"},\"image\":{\"@id\":\"https:\/\/otticatrabuio.com\/occhiali-da-tiro\/#\/schema\/logo\/image\/\"}}]}<\/script>\n<!-- \/ Yoast SEO plugin. -->","yoast_head_json":{"title":"K4 - Ottica Trabuio | Occhiali da Tiro","robots":{"index":"index","follow":"follow","max-snippet":"max-snippet:-1","max-image-preview":"max-image-preview:large","max-video-preview":"max-video-preview:-1"},"canonical":"https:\/\/otticatrabuio.com\/occhiali-da-tiro\/prodotto\/k4\/","og_locale":"it_IT","og_type":"article","og_title":"K4 - Ottica Trabuio | Occhiali da Tiro","og_description":"Gli occhiali Knobloch con archetto con supporto per lenti variabili \u2300 23 mm e disco di copertura in nero, bianco o traslucido. Il modello K4 \u00e8 un paio di occhiali da tiro speciale per i tiratori che non si sentono a proprio agio indossando occhiali con stanghette. &nbsp; Gli occhiali con fascia Knobloch offrono una [&hellip;]","og_url":"https:\/\/otticatrabuio.com\/occhiali-da-tiro\/prodotto\/k4\/","og_site_name":"Ottica Trabuio | Occhiali da Tiro","article_modified_time":"2025-10-26T10:20:11+00:00","og_image":[{"width":1000,"height":1000,"url":"https:\/\/otticatrabuio.com\/occhiali-da-tiro\/wp-content\/uploads\/sites\/3\/2025\/08\/k4-Photoroom.webp","type":"image\/webp"}],"twitter_card":"summary_large_image","twitter_misc":{"Tempo di lettura stimato":"1 minuto"},"schema":{"@context":"https:\/\/schema.org","@graph":[{"@type":"WebPage","@id":"https:\/\/otticatrabuio.com\/occhiali-da-tiro\/prodotto\/k4\/","url":"https:\/\/otticatrabuio.com\/occhiali-da-tiro\/prodotto\/k4\/","name":"K4 - Ottica Trabuio | Occhiali da Tiro","isPartOf":{"@id":"https:\/\/otticatrabuio.com\/occhiali-da-tiro\/#website"},"primaryImageOfPage":{"@id":"https:\/\/otticatrabuio.com\/occhiali-da-tiro\/prodotto\/k4\/#primaryimage"},"image":{"@id":"https:\/\/otticatrabuio.com\/occhiali-da-tiro\/prodotto\/k4\/#primaryimage"},"thumbnailUrl":"https:\/\/otticatrabuio.com\/occhiali-da-tiro\/wp-content\/uploads\/sites\/3\/2025\/08\/k4-Photoroom.webp","datePublished":"2025-10-03T15:35:57+00:00","dateModified":"2025-10-26T10:20:11+00:00","breadcrumb":{"@id":"https:\/\/otticatrabuio.com\/occhiali-da-tiro\/prodotto\/k4\/#breadcrumb"},"inLanguage":"it-IT","potentialAction":[{"@type":"ReadAction","target":["https:\/\/otticatrabuio.com\/occhiali-da-tiro\/prodotto\/k4\/"]}]},{"@type":"ImageObject","inLanguage":"it-IT","@id":"https:\/\/otticatrabuio.com\/occhiali-da-tiro\/prodotto\/k4\/#primaryimage","url":"https:\/\/otticatrabuio.com\/occhiali-da-tiro\/wp-content\/uploads\/sites\/3\/2025\/08\/k4-Photoroom.webp","contentUrl":"https:\/\/otticatrabuio.com\/occhiali-da-tiro\/wp-content\/uploads\/sites\/3\/2025\/08\/k4-Photoroom.webp","width":1000,"height":1000},{"@type":"BreadcrumbList","@id":"https:\/\/otticatrabuio.com\/occhiali-da-tiro\/prodotto\/k4\/#breadcrumb","itemListElement":[{"@type":"ListItem","position":1,"name":"Home","item":"https:\/\/otticatrabuio.com\/occhiali-da-tiro\/"},{"@type":"ListItem","position":2,"name":"Shop","item":"https:\/\/otticatrabuio.com\/occhiali-da-tiro\/negozio\/"},{"@type":"ListItem","position":3,"name":"K4"}]},{"@type":"WebSite","@id":"https:\/\/otticatrabuio.com\/occhiali-da-tiro\/#website","url":"https:\/\/otticatrabuio.com\/occhiali-da-tiro\/","name":"Ottica Trabuio | Occhiali da Tiro","description":"","publisher":{"@id":"https:\/\/otticatrabuio.com\/occhiali-da-tiro\/#organization"},"potentialAction":[{"@type":"SearchAction","target":{"@type":"EntryPoint","urlTemplate":"https:\/\/otticatrabuio.com\/occhiali-da-tiro\/?s={search_term_string}"},"query-input":{"@type":"PropertyValueSpecification","valueRequired":true,"valueName":"search_term_string"}}],"inLanguage":"it-IT"},{"@type":"Organization","@id":"https:\/\/otticatrabuio.com\/occhiali-da-tiro\/#organization","name":"Ottica Trabuio | Occhiali da Tiro","url":"https:\/\/otticatrabuio.com\/occhiali-da-tiro\/","logo":{"@type":"ImageObject","inLanguage":"it-IT","@id":"https:\/\/otticatrabuio.com\/occhiali-da-tiro\/#\/schema\/logo\/image\/","url":"https:\/\/otticatrabuio.com\/occhiali-da-tiro\/wp-content\/uploads\/sites\/3\/2025\/07\/occhiali-da-tiro-logo-bianco.webp","contentUrl":"https:\/\/otticatrabuio.com\/occhiali-da-tiro\/wp-content\/uploads\/sites\/3\/2025\/07\/occhiali-da-tiro-logo-bianco.webp","width":507,"height":152,"caption":"Ottica Trabuio | Occhiali da Tiro"},"image":{"@id":"https:\/\/otticatrabuio.com\/occhiali-da-tiro\/#\/schema\/logo\/image\/"}}]}},"_links":{"self":[{"href":"https:\/\/otticatrabuio.com\/occhiali-da-tiro\/wp-json\/wp\/v2\/product\/579","targetHints":{"allow":["GET"]}}],"collection":[{"href":"https:\/\/otticatrabuio.com\/occhiali-da-tiro\/wp-json\/wp\/v2\/product"}],"about":[{"href":"https:\/\/otticatrabuio.com\/occhiali-da-tiro\/wp-json\/wp\/v2\/types\/product"}],"wp:featuredmedia":[{"embeddable":true,"href":"https:\/\/otticatrabuio.com\/occhiali-da-tiro\/wp-json\/wp\/v2\/media\/168"}],"wp:attachment":[{"href":"https:\/\/otticatrabuio.com\/occhiali-da-tiro\/wp-json\/wp\/v2\/media?parent=579"}],"wp:term":[{"taxonomy":"product_brand","embeddable":true,"href":"https:\/\/otticatrabuio.com\/occhiali-da-tiro\/wp-json\/wp\/v2\/product_brand?post=579"},{"taxonomy":"product_cat","embeddable":true,"href":"https:\/\/otticatrabuio.com\/occhiali-da-tiro\/wp-json\/wp\/v2\/product_cat?post=579"},{"taxonomy":"product_tag","embeddable":true,"href":"https:\/\/otticatrabuio.com\/occhiali-da-tiro\/wp-json\/wp\/v2\/product_tag?post=579"}],"curies":[{"name":"wp","href":"https:\/\/api.w.org\/{rel}","templated":true}]}}