{"id":574,"date":"2025-10-03T17:31:03","date_gmt":"2025-10-03T15:31:03","guid":{"rendered":"https:\/\/otticatrabuio.com\/occhiali-da-tiro\/?post_type=product&#038;p=574"},"modified":"2025-10-26T11:18:48","modified_gmt":"2025-10-26T10:18:48","slug":"k2-3-positions","status":"publish","type":"product","link":"https:\/\/otticatrabuio.com\/occhiali-da-tiro\/prodotto\/k2-3-positions\/","title":{"rendered":"K2 3-Positions"},"content":{"rendered":"<ul>\n<li><span dir=\"auto\">Materiale: alpacca rivestita in rutenio, acciaio di alta qualit\u00e0, silicone, termoplastico<\/span><\/li>\n<\/ul>\n<div>\n<p><span dir=\"auto\">Il K2 a 3 posizioni \u00e8 uno speciale paio di occhiali da tiro basato sul K2 per tiratori con carabina. \u00c8 un sistema di cambio rapido. Sono disponibili porta-lenti variabili intercambiabili separatamente. Ciascuno dei porta-lenti variabili \u00e8 regolabile per le posizioni in piedi, prono e in ginocchio. I porta-lenti sono contrassegnati a colori per una facile differenziazione. La lente da 23 mm pu\u00f2 essere facilmente sostituita da un porta-lenti all&#8217;altro. \u00c8 anche possibile utilizzare il supporto a clip da 23 mm per un cambio rapido. Il porta-lenti variabile intercambiabile pu\u00f2 essere acquistato separatamente. Vantaggio: sistema di cambio rapido, facile da usare.<\/span><\/p>\n<\/div>\n","protected":false},"excerpt":{"rendered":"<p>Materiale: alpacca rivestita in rutenio, acciaio di alta qualit\u00e0, silicone, termoplastico Il K2 a 3 posizioni \u00e8 uno speciale paio di occhiali da tiro basato sul K2 per tiratori con carabina. \u00c8 un sistema di cambio rapido. Sono disponibili porta-lenti variabili intercambiabili separatamente. Ciascuno dei porta-lenti variabili \u00e8 regolabile per le posizioni in piedi, prono [&hellip;]<\/p>\n","protected":false},"featured_media":175,"template":"","meta":[],"product_brand":[23],"product_cat":[30],"product_tag":[],"class_list":{"0":"post-574","1":"product","2":"type-product","3":"status-publish","4":"has-post-thumbnail","6":"product_brand-knobloch","7":"product_cat-tiro-a-segno","9":"first","10":"instock","11":"taxable","12":"shipping-taxable","13":"purchasable","14":"product-type-simple"},"yoast_head":"<!-- This site is optimized with the Yoast SEO plugin v27.2 - https:\/\/yoast.com\/product\/yoast-seo-wordpress\/ -->\n<title>K2 3-Positions - Ottica Trabuio | Occhiali da Tiro<\/title>\n<meta name=\"robots\" content=\"index, follow, max-snippet:-1, max-image-preview:large, max-video-preview:-1\" \/>\n<link rel=\"canonical\" href=\"https:\/\/otticatrabuio.com\/occhiali-da-tiro\/prodotto\/k2-3-positions\/\" \/>\n<meta property=\"og:locale\" content=\"it_IT\" \/>\n<meta property=\"og:type\" content=\"article\" \/>\n<meta property=\"og:title\" content=\"K2 3-Positions - Ottica Trabuio | Occhiali da Tiro\" \/>\n<meta property=\"og:description\" content=\"Materiale: alpacca rivestita in rutenio, acciaio di alta qualit\u00e0, silicone, termoplastico Il K2 a 3 posizioni \u00e8 uno speciale paio di occhiali da tiro basato sul K2 per tiratori con carabina. \u00c8 un sistema di cambio rapido. Sono disponibili porta-lenti variabili intercambiabili separatamente. Ciascuno dei porta-lenti variabili \u00e8 regolabile per le posizioni in piedi, prono [&hellip;]\" \/>\n<meta property=\"og:url\" content=\"https:\/\/otticatrabuio.com\/occhiali-da-tiro\/prodotto\/k2-3-positions\/\" \/>\n<meta property=\"og:site_name\" content=\"Ottica Trabuio | Occhiali da Tiro\" \/>\n<meta property=\"article:modified_time\" content=\"2025-10-26T10:18:48+00:00\" \/>\n<meta property=\"og:image\" content=\"https:\/\/otticatrabuio.com\/occhiali-da-tiro\/wp-content\/uploads\/sites\/3\/2025\/08\/k2-3-position.webp\" \/>\n\t<meta property=\"og:image:width\" content=\"1000\" \/>\n\t<meta property=\"og:image:height\" content=\"1000\" \/>\n\t<meta property=\"og:image:type\" content=\"image\/webp\" \/>\n<meta name=\"twitter:card\" content=\"summary_large_image\" \/>\n<meta name=\"twitter:label1\" content=\"Tempo di lettura stimato\" \/>\n\t<meta name=\"twitter:data1\" content=\"1 minuto\" \/>\n<script type=\"application\/ld+json\" class=\"yoast-schema-graph\">{\"@context\":\"https:\/\/schema.org\",\"@graph\":[{\"@type\":\"WebPage\",\"@id\":\"https:\/\/otticatrabuio.com\/occhiali-da-tiro\/prodotto\/k2-3-positions\/\",\"url\":\"https:\/\/otticatrabuio.com\/occhiali-da-tiro\/prodotto\/k2-3-positions\/\",\"name\":\"K2 3-Positions - Ottica Trabuio | Occhiali da Tiro\",\"isPartOf\":{\"@id\":\"https:\/\/otticatrabuio.com\/occhiali-da-tiro\/#website\"},\"primaryImageOfPage\":{\"@id\":\"https:\/\/otticatrabuio.com\/occhiali-da-tiro\/prodotto\/k2-3-positions\/#primaryimage\"},\"image\":{\"@id\":\"https:\/\/otticatrabuio.com\/occhiali-da-tiro\/prodotto\/k2-3-positions\/#primaryimage\"},\"thumbnailUrl\":\"https:\/\/otticatrabuio.com\/occhiali-da-tiro\/wp-content\/uploads\/sites\/3\/2025\/08\/k2-3-position.webp\",\"datePublished\":\"2025-10-03T15:31:03+00:00\",\"dateModified\":\"2025-10-26T10:18:48+00:00\",\"breadcrumb\":{\"@id\":\"https:\/\/otticatrabuio.com\/occhiali-da-tiro\/prodotto\/k2-3-positions\/#breadcrumb\"},\"inLanguage\":\"it-IT\",\"potentialAction\":[{\"@type\":\"ReadAction\",\"target\":[\"https:\/\/otticatrabuio.com\/occhiali-da-tiro\/prodotto\/k2-3-positions\/\"]}]},{\"@type\":\"ImageObject\",\"inLanguage\":\"it-IT\",\"@id\":\"https:\/\/otticatrabuio.com\/occhiali-da-tiro\/prodotto\/k2-3-positions\/#primaryimage\",\"url\":\"https:\/\/otticatrabuio.com\/occhiali-da-tiro\/wp-content\/uploads\/sites\/3\/2025\/08\/k2-3-position.webp\",\"contentUrl\":\"https:\/\/otticatrabuio.com\/occhiali-da-tiro\/wp-content\/uploads\/sites\/3\/2025\/08\/k2-3-position.webp\",\"width\":1000,\"height\":1000},{\"@type\":\"BreadcrumbList\",\"@id\":\"https:\/\/otticatrabuio.com\/occhiali-da-tiro\/prodotto\/k2-3-positions\/#breadcrumb\",\"itemListElement\":[{\"@type\":\"ListItem\",\"position\":1,\"name\":\"Home\",\"item\":\"https:\/\/otticatrabuio.com\/occhiali-da-tiro\/\"},{\"@type\":\"ListItem\",\"position\":2,\"name\":\"Shop\",\"item\":\"https:\/\/otticatrabuio.com\/occhiali-da-tiro\/negozio\/\"},{\"@type\":\"ListItem\",\"position\":3,\"name\":\"K2 3-Positions\"}]},{\"@type\":\"WebSite\",\"@id\":\"https:\/\/otticatrabuio.com\/occhiali-da-tiro\/#website\",\"url\":\"https:\/\/otticatrabuio.com\/occhiali-da-tiro\/\",\"name\":\"Ottica Trabuio | Occhiali da Tiro\",\"description\":\"\",\"publisher\":{\"@id\":\"https:\/\/otticatrabuio.com\/occhiali-da-tiro\/#organization\"},\"potentialAction\":[{\"@type\":\"SearchAction\",\"target\":{\"@type\":\"EntryPoint\",\"urlTemplate\":\"https:\/\/otticatrabuio.com\/occhiali-da-tiro\/?s={search_term_string}\"},\"query-input\":{\"@type\":\"PropertyValueSpecification\",\"valueRequired\":true,\"valueName\":\"search_term_string\"}}],\"inLanguage\":\"it-IT\"},{\"@type\":\"Organization\",\"@id\":\"https:\/\/otticatrabuio.com\/occhiali-da-tiro\/#organization\",\"name\":\"Ottica Trabuio | Occhiali da Tiro\",\"url\":\"https:\/\/otticatrabuio.com\/occhiali-da-tiro\/\",\"logo\":{\"@type\":\"ImageObject\",\"inLanguage\":\"it-IT\",\"@id\":\"https:\/\/otticatrabuio.com\/occhiali-da-tiro\/#\/schema\/logo\/image\/\",\"url\":\"https:\/\/otticatrabuio.com\/occhiali-da-tiro\/wp-content\/uploads\/sites\/3\/2025\/07\/occhiali-da-tiro-logo-bianco.webp\",\"contentUrl\":\"https:\/\/otticatrabuio.com\/occhiali-da-tiro\/wp-content\/uploads\/sites\/3\/2025\/07\/occhiali-da-tiro-logo-bianco.webp\",\"width\":507,\"height\":152,\"caption\":\"Ottica Trabuio | Occhiali da Tiro\"},\"image\":{\"@id\":\"https:\/\/otticatrabuio.com\/occhiali-da-tiro\/#\/schema\/logo\/image\/\"}}]}<\/script>\n<!-- \/ Yoast SEO plugin. -->","yoast_head_json":{"title":"K2 3-Positions - Ottica Trabuio | Occhiali da Tiro","robots":{"index":"index","follow":"follow","max-snippet":"max-snippet:-1","max-image-preview":"max-image-preview:large","max-video-preview":"max-video-preview:-1"},"canonical":"https:\/\/otticatrabuio.com\/occhiali-da-tiro\/prodotto\/k2-3-positions\/","og_locale":"it_IT","og_type":"article","og_title":"K2 3-Positions - Ottica Trabuio | Occhiali da Tiro","og_description":"Materiale: alpacca rivestita in rutenio, acciaio di alta qualit\u00e0, silicone, termoplastico Il K2 a 3 posizioni \u00e8 uno speciale paio di occhiali da tiro basato sul K2 per tiratori con carabina. \u00c8 un sistema di cambio rapido. Sono disponibili porta-lenti variabili intercambiabili separatamente. Ciascuno dei porta-lenti variabili \u00e8 regolabile per le posizioni in piedi, prono [&hellip;]","og_url":"https:\/\/otticatrabuio.com\/occhiali-da-tiro\/prodotto\/k2-3-positions\/","og_site_name":"Ottica Trabuio | Occhiali da Tiro","article_modified_time":"2025-10-26T10:18:48+00:00","og_image":[{"width":1000,"height":1000,"url":"https:\/\/otticatrabuio.com\/occhiali-da-tiro\/wp-content\/uploads\/sites\/3\/2025\/08\/k2-3-position.webp","type":"image\/webp"}],"twitter_card":"summary_large_image","twitter_misc":{"Tempo di lettura stimato":"1 minuto"},"schema":{"@context":"https:\/\/schema.org","@graph":[{"@type":"WebPage","@id":"https:\/\/otticatrabuio.com\/occhiali-da-tiro\/prodotto\/k2-3-positions\/","url":"https:\/\/otticatrabuio.com\/occhiali-da-tiro\/prodotto\/k2-3-positions\/","name":"K2 3-Positions - Ottica Trabuio | Occhiali da Tiro","isPartOf":{"@id":"https:\/\/otticatrabuio.com\/occhiali-da-tiro\/#website"},"primaryImageOfPage":{"@id":"https:\/\/otticatrabuio.com\/occhiali-da-tiro\/prodotto\/k2-3-positions\/#primaryimage"},"image":{"@id":"https:\/\/otticatrabuio.com\/occhiali-da-tiro\/prodotto\/k2-3-positions\/#primaryimage"},"thumbnailUrl":"https:\/\/otticatrabuio.com\/occhiali-da-tiro\/wp-content\/uploads\/sites\/3\/2025\/08\/k2-3-position.webp","datePublished":"2025-10-03T15:31:03+00:00","dateModified":"2025-10-26T10:18:48+00:00","breadcrumb":{"@id":"https:\/\/otticatrabuio.com\/occhiali-da-tiro\/prodotto\/k2-3-positions\/#breadcrumb"},"inLanguage":"it-IT","potentialAction":[{"@type":"ReadAction","target":["https:\/\/otticatrabuio.com\/occhiali-da-tiro\/prodotto\/k2-3-positions\/"]}]},{"@type":"ImageObject","inLanguage":"it-IT","@id":"https:\/\/otticatrabuio.com\/occhiali-da-tiro\/prodotto\/k2-3-positions\/#primaryimage","url":"https:\/\/otticatrabuio.com\/occhiali-da-tiro\/wp-content\/uploads\/sites\/3\/2025\/08\/k2-3-position.webp","contentUrl":"https:\/\/otticatrabuio.com\/occhiali-da-tiro\/wp-content\/uploads\/sites\/3\/2025\/08\/k2-3-position.webp","width":1000,"height":1000},{"@type":"BreadcrumbList","@id":"https:\/\/otticatrabuio.com\/occhiali-da-tiro\/prodotto\/k2-3-positions\/#breadcrumb","itemListElement":[{"@type":"ListItem","position":1,"name":"Home","item":"https:\/\/otticatrabuio.com\/occhiali-da-tiro\/"},{"@type":"ListItem","position":2,"name":"Shop","item":"https:\/\/otticatrabuio.com\/occhiali-da-tiro\/negozio\/"},{"@type":"ListItem","position":3,"name":"K2 3-Positions"}]},{"@type":"WebSite","@id":"https:\/\/otticatrabuio.com\/occhiali-da-tiro\/#website","url":"https:\/\/otticatrabuio.com\/occhiali-da-tiro\/","name":"Ottica Trabuio | Occhiali da Tiro","description":"","publisher":{"@id":"https:\/\/otticatrabuio.com\/occhiali-da-tiro\/#organization"},"potentialAction":[{"@type":"SearchAction","target":{"@type":"EntryPoint","urlTemplate":"https:\/\/otticatrabuio.com\/occhiali-da-tiro\/?s={search_term_string}"},"query-input":{"@type":"PropertyValueSpecification","valueRequired":true,"valueName":"search_term_string"}}],"inLanguage":"it-IT"},{"@type":"Organization","@id":"https:\/\/otticatrabuio.com\/occhiali-da-tiro\/#organization","name":"Ottica Trabuio | Occhiali da Tiro","url":"https:\/\/otticatrabuio.com\/occhiali-da-tiro\/","logo":{"@type":"ImageObject","inLanguage":"it-IT","@id":"https:\/\/otticatrabuio.com\/occhiali-da-tiro\/#\/schema\/logo\/image\/","url":"https:\/\/otticatrabuio.com\/occhiali-da-tiro\/wp-content\/uploads\/sites\/3\/2025\/07\/occhiali-da-tiro-logo-bianco.webp","contentUrl":"https:\/\/otticatrabuio.com\/occhiali-da-tiro\/wp-content\/uploads\/sites\/3\/2025\/07\/occhiali-da-tiro-logo-bianco.webp","width":507,"height":152,"caption":"Ottica Trabuio | Occhiali da Tiro"},"image":{"@id":"https:\/\/otticatrabuio.com\/occhiali-da-tiro\/#\/schema\/logo\/image\/"}}]}},"_links":{"self":[{"href":"https:\/\/otticatrabuio.com\/occhiali-da-tiro\/wp-json\/wp\/v2\/product\/574","targetHints":{"allow":["GET"]}}],"collection":[{"href":"https:\/\/otticatrabuio.com\/occhiali-da-tiro\/wp-json\/wp\/v2\/product"}],"about":[{"href":"https:\/\/otticatrabuio.com\/occhiali-da-tiro\/wp-json\/wp\/v2\/types\/product"}],"wp:featuredmedia":[{"embeddable":true,"href":"https:\/\/otticatrabuio.com\/occhiali-da-tiro\/wp-json\/wp\/v2\/media\/175"}],"wp:attachment":[{"href":"https:\/\/otticatrabuio.com\/occhiali-da-tiro\/wp-json\/wp\/v2\/media?parent=574"}],"wp:term":[{"taxonomy":"product_brand","embeddable":true,"href":"https:\/\/otticatrabuio.com\/occhiali-da-tiro\/wp-json\/wp\/v2\/product_brand?post=574"},{"taxonomy":"product_cat","embeddable":true,"href":"https:\/\/otticatrabuio.com\/occhiali-da-tiro\/wp-json\/wp\/v2\/product_cat?post=574"},{"taxonomy":"product_tag","embeddable":true,"href":"https:\/\/otticatrabuio.com\/occhiali-da-tiro\/wp-json\/wp\/v2\/product_tag?post=574"}],"curies":[{"name":"wp","href":"https:\/\/api.w.org\/{rel}","templated":true}]}}