{"id":809,"date":"2025-10-27T15:31:50","date_gmt":"2025-10-27T14:31:50","guid":{"rendered":"https:\/\/otticatrabuio.com\/occhiali-da-tiro\/?page_id=809"},"modified":"2025-10-27T15:31:50","modified_gmt":"2025-10-27T14:31:50","slug":"scegliere-il-giusto-colore-del-filtro","status":"publish","type":"page","link":"https:\/\/otticatrabuio.com\/occhiali-da-tiro\/scegliere-il-giusto-colore-del-filtro\/","title":{"rendered":"Scegliere il giusto colore del filtro"},"content":{"rendered":"\n<figure class=\"wp-block-image size-full\"><img loading=\"lazy\" decoding=\"async\" width=\"660\" height=\"550\" src=\"https:\/\/otticatrabuio.com\/occhiali-da-tiro\/wp-content\/uploads\/sites\/3\/2025\/10\/tavola-colori-filtri-decot.jpg\" alt=\"\" class=\"wp-image-810\" srcset=\"https:\/\/otticatrabuio.com\/occhiali-da-tiro\/wp-content\/uploads\/sites\/3\/2025\/10\/tavola-colori-filtri-decot.jpg 660w, https:\/\/otticatrabuio.com\/occhiali-da-tiro\/wp-content\/uploads\/sites\/3\/2025\/10\/tavola-colori-filtri-decot-300x250.jpg 300w, https:\/\/otticatrabuio.com\/occhiali-da-tiro\/wp-content\/uploads\/sites\/3\/2025\/10\/tavola-colori-filtri-decot-600x500.jpg 600w\" sizes=\"auto, (max-width: 660px) 100vw, 660px\" \/><\/figure>\n\n\n\n<h2 class=\"wp-block-heading has-large-font-size\">Indicazioni per luminosit\u00e0 diurna media<\/h2>\n\n\n\n<p><strong>V-Lite Rose:<\/strong>&nbsp;Fantastiche per tirare a bersagli arancioni, arancioni con bordo nero e neri. Queste lenti scuriscono il cielo e mettono in risalto gli sfondi verdi. Eccellenti anche per la caccia.<\/p>\n\n\n\n<p><strong>Target Sun (viola):<\/strong>&nbsp;Ottime per tutti i bersagli colorati. Evidenziano gli sfondi verdi facendo risaltare i bersagli. Le lenti Target Sun si adattano meglio a coloro che hanno occhi sensibili, rispetto alle pi\u00f9 scure V-Lite Rose.<\/p>\n\n\n\n<p><strong>Bronzo:<\/strong>&nbsp;Lenti molto indicate per il tiro al piattello e tiro al bersaglio sportivo, in giornate terse e in generale adatte alla caccia.<\/p>\n\n\n\n<p><strong>Rosso Vermiglio:<\/strong>&nbsp;molte delle lenti sopra descritte hanno una certa percentuale di rosso per mettere in evidenza i singoli colori. Coloro che hanno problemi nel vedere il rosso o il verde considerano questa lente la pi\u00f9 appropriata.<\/p>\n\n\n\n<p><strong>Orance Ice (arancione scuro), Pink Blaze e Rose Blaze (fuxia):<\/strong>&nbsp;Queste tonalit\u00e0 sono apprezzate da chi predilige una maggior nitidezza del colore del bersaglio in netto contrasto con lo sfondo.<\/p>\n\n\n\n<p><strong>Blu Ice (azzurro):<\/strong>&nbsp;Linea studiata per bersagli verde acido.<\/p>\n\n\n\n<h2 class=\"wp-block-heading has-large-font-size\">Indicazioni per luminosit\u00e0 diurna bassa<\/h2>\n\n\n\n<p><strong>Target Orange (arancione medio\/chiaro):<\/strong>&nbsp;Tutte le sfumature sono buone per i bersagli arancioni, specialmente per giornate nuvolose o sole velato.<\/p>\n\n\n\n<p><strong>Oro, trasparenti, giallo ramato, giallo:<\/strong>&nbsp;Questi colori consentono un elevato passaggio di luce ed una miglior definizione del bersaglio.<\/p>\n\n\n\n<p><strong>Trattamento antiriflesso:<\/strong>&nbsp;Elimina qualsiasi riflesso dalla superficie della lente consentendo il massimo filtraggio di luce per una messa a fuoco pi\u00f9 netta. Occorre una corretta manutenzione.<\/p>\n\n\n\n<h2 class=\"wp-block-heading has-large-font-size\">Indicazioni per luminosit\u00e0 intensa e abbagliante<\/h2>\n\n\n\n<p>Sono disponibili le tonalit\u00e0 pi\u00f9 scure delle colorazioni V-Lite, Target Sun, Bronze Royal Bud e Grigio. Anche con lenti polarizzate per luminosit\u00e0 da media ad intensa con rischio di forti bagliori. Ottime per pesca, caccia, tiro al bersaglio, guida.<\/p>\n","protected":false},"excerpt":{"rendered":"<p>Indicazioni per luminosit\u00e0 diurna media V-Lite Rose:&nbsp;Fantastiche per tirare a bersagli arancioni, arancioni con bordo nero e neri. Queste lenti scuriscono il cielo e mettono in risalto gli sfondi verdi. Eccellenti anche per la caccia. Target Sun (viola):&nbsp;Ottime per tutti i bersagli colorati. Evidenziano gli sfondi verdi facendo risaltare i bersagli. Le lenti Target Sun [&hellip;]<\/p>\n","protected":false},"author":1,"featured_media":0,"parent":0,"menu_order":0,"comment_status":"closed","ping_status":"closed","template":"","meta":{"footnotes":""},"class_list":["post-809","page","type-page","status-publish","hentry"],"yoast_head":"<!-- This site is optimized with the Yoast SEO plugin v27.2 - https:\/\/yoast.com\/product\/yoast-seo-wordpress\/ -->\n<title>Scegliere il giusto colore del filtro - Ottica Trabuio | Occhiali da Tiro<\/title>\n<meta name=\"robots\" content=\"index, follow, max-snippet:-1, max-image-preview:large, max-video-preview:-1\" \/>\n<link rel=\"canonical\" href=\"https:\/\/otticatrabuio.com\/occhiali-da-tiro\/scegliere-il-giusto-colore-del-filtro\/\" \/>\n<meta property=\"og:locale\" content=\"it_IT\" \/>\n<meta property=\"og:type\" content=\"article\" \/>\n<meta property=\"og:title\" content=\"Scegliere il giusto colore del filtro - Ottica Trabuio | Occhiali da Tiro\" \/>\n<meta property=\"og:description\" content=\"Indicazioni per luminosit\u00e0 diurna media V-Lite Rose:&nbsp;Fantastiche per tirare a bersagli arancioni, arancioni con bordo nero e neri. Queste lenti scuriscono il cielo e mettono in risalto gli sfondi verdi. Eccellenti anche per la caccia. Target Sun (viola):&nbsp;Ottime per tutti i bersagli colorati. Evidenziano gli sfondi verdi facendo risaltare i bersagli. Le lenti Target Sun [&hellip;]\" \/>\n<meta property=\"og:url\" content=\"https:\/\/otticatrabuio.com\/occhiali-da-tiro\/scegliere-il-giusto-colore-del-filtro\/\" \/>\n<meta property=\"og:site_name\" content=\"Ottica Trabuio | Occhiali da Tiro\" \/>\n<meta property=\"og:image\" content=\"https:\/\/otticatrabuio.com\/occhiali-da-tiro\/wp-content\/uploads\/sites\/3\/2025\/10\/tavola-colori-filtri-decot.jpg\" \/>\n\t<meta property=\"og:image:width\" content=\"660\" \/>\n\t<meta property=\"og:image:height\" content=\"550\" \/>\n\t<meta property=\"og:image:type\" content=\"image\/jpeg\" \/>\n<meta name=\"twitter:card\" content=\"summary_large_image\" \/>\n<meta name=\"twitter:label1\" content=\"Tempo di lettura stimato\" \/>\n\t<meta name=\"twitter:data1\" content=\"1 minuto\" \/>\n<script type=\"application\/ld+json\" class=\"yoast-schema-graph\">{\"@context\":\"https:\/\/schema.org\",\"@graph\":[{\"@type\":\"WebPage\",\"@id\":\"https:\/\/otticatrabuio.com\/occhiali-da-tiro\/scegliere-il-giusto-colore-del-filtro\/\",\"url\":\"https:\/\/otticatrabuio.com\/occhiali-da-tiro\/scegliere-il-giusto-colore-del-filtro\/\",\"name\":\"Scegliere il giusto colore del filtro - Ottica Trabuio | Occhiali da Tiro\",\"isPartOf\":{\"@id\":\"https:\/\/otticatrabuio.com\/occhiali-da-tiro\/#website\"},\"primaryImageOfPage\":{\"@id\":\"https:\/\/otticatrabuio.com\/occhiali-da-tiro\/scegliere-il-giusto-colore-del-filtro\/#primaryimage\"},\"image\":{\"@id\":\"https:\/\/otticatrabuio.com\/occhiali-da-tiro\/scegliere-il-giusto-colore-del-filtro\/#primaryimage\"},\"thumbnailUrl\":\"https:\/\/otticatrabuio.com\/occhiali-da-tiro\/wp-content\/uploads\/sites\/3\/2025\/10\/tavola-colori-filtri-decot.jpg\",\"datePublished\":\"2025-10-27T14:31:50+00:00\",\"breadcrumb\":{\"@id\":\"https:\/\/otticatrabuio.com\/occhiali-da-tiro\/scegliere-il-giusto-colore-del-filtro\/#breadcrumb\"},\"inLanguage\":\"it-IT\",\"potentialAction\":[{\"@type\":\"ReadAction\",\"target\":[\"https:\/\/otticatrabuio.com\/occhiali-da-tiro\/scegliere-il-giusto-colore-del-filtro\/\"]}]},{\"@type\":\"ImageObject\",\"inLanguage\":\"it-IT\",\"@id\":\"https:\/\/otticatrabuio.com\/occhiali-da-tiro\/scegliere-il-giusto-colore-del-filtro\/#primaryimage\",\"url\":\"https:\/\/otticatrabuio.com\/occhiali-da-tiro\/wp-content\/uploads\/sites\/3\/2025\/10\/tavola-colori-filtri-decot.jpg\",\"contentUrl\":\"https:\/\/otticatrabuio.com\/occhiali-da-tiro\/wp-content\/uploads\/sites\/3\/2025\/10\/tavola-colori-filtri-decot.jpg\",\"width\":660,\"height\":550},{\"@type\":\"BreadcrumbList\",\"@id\":\"https:\/\/otticatrabuio.com\/occhiali-da-tiro\/scegliere-il-giusto-colore-del-filtro\/#breadcrumb\",\"itemListElement\":[{\"@type\":\"ListItem\",\"position\":1,\"name\":\"Home\",\"item\":\"https:\/\/otticatrabuio.com\/occhiali-da-tiro\/\"},{\"@type\":\"ListItem\",\"position\":2,\"name\":\"Scegliere il giusto colore del filtro\"}]},{\"@type\":\"WebSite\",\"@id\":\"https:\/\/otticatrabuio.com\/occhiali-da-tiro\/#website\",\"url\":\"https:\/\/otticatrabuio.com\/occhiali-da-tiro\/\",\"name\":\"Ottica Trabuio | Occhiali da Tiro\",\"description\":\"\",\"publisher\":{\"@id\":\"https:\/\/otticatrabuio.com\/occhiali-da-tiro\/#organization\"},\"potentialAction\":[{\"@type\":\"SearchAction\",\"target\":{\"@type\":\"EntryPoint\",\"urlTemplate\":\"https:\/\/otticatrabuio.com\/occhiali-da-tiro\/?s={search_term_string}\"},\"query-input\":{\"@type\":\"PropertyValueSpecification\",\"valueRequired\":true,\"valueName\":\"search_term_string\"}}],\"inLanguage\":\"it-IT\"},{\"@type\":\"Organization\",\"@id\":\"https:\/\/otticatrabuio.com\/occhiali-da-tiro\/#organization\",\"name\":\"Ottica Trabuio | Occhiali da Tiro\",\"url\":\"https:\/\/otticatrabuio.com\/occhiali-da-tiro\/\",\"logo\":{\"@type\":\"ImageObject\",\"inLanguage\":\"it-IT\",\"@id\":\"https:\/\/otticatrabuio.com\/occhiali-da-tiro\/#\/schema\/logo\/image\/\",\"url\":\"https:\/\/otticatrabuio.com\/occhiali-da-tiro\/wp-content\/uploads\/sites\/3\/2025\/07\/occhiali-da-tiro-logo-bianco.webp\",\"contentUrl\":\"https:\/\/otticatrabuio.com\/occhiali-da-tiro\/wp-content\/uploads\/sites\/3\/2025\/07\/occhiali-da-tiro-logo-bianco.webp\",\"width\":507,\"height\":152,\"caption\":\"Ottica Trabuio | Occhiali da Tiro\"},\"image\":{\"@id\":\"https:\/\/otticatrabuio.com\/occhiali-da-tiro\/#\/schema\/logo\/image\/\"}}]}<\/script>\n<!-- \/ Yoast SEO plugin. -->","yoast_head_json":{"title":"Scegliere il giusto colore del filtro - Ottica Trabuio | Occhiali da Tiro","robots":{"index":"index","follow":"follow","max-snippet":"max-snippet:-1","max-image-preview":"max-image-preview:large","max-video-preview":"max-video-preview:-1"},"canonical":"https:\/\/otticatrabuio.com\/occhiali-da-tiro\/scegliere-il-giusto-colore-del-filtro\/","og_locale":"it_IT","og_type":"article","og_title":"Scegliere il giusto colore del filtro - Ottica Trabuio | Occhiali da Tiro","og_description":"Indicazioni per luminosit\u00e0 diurna media V-Lite Rose:&nbsp;Fantastiche per tirare a bersagli arancioni, arancioni con bordo nero e neri. Queste lenti scuriscono il cielo e mettono in risalto gli sfondi verdi. Eccellenti anche per la caccia. Target Sun (viola):&nbsp;Ottime per tutti i bersagli colorati. Evidenziano gli sfondi verdi facendo risaltare i bersagli. Le lenti Target Sun [&hellip;]","og_url":"https:\/\/otticatrabuio.com\/occhiali-da-tiro\/scegliere-il-giusto-colore-del-filtro\/","og_site_name":"Ottica Trabuio | Occhiali da Tiro","og_image":[{"width":660,"height":550,"url":"https:\/\/otticatrabuio.com\/occhiali-da-tiro\/wp-content\/uploads\/sites\/3\/2025\/10\/tavola-colori-filtri-decot.jpg","type":"image\/jpeg"}],"twitter_card":"summary_large_image","twitter_misc":{"Tempo di lettura stimato":"1 minuto"},"schema":{"@context":"https:\/\/schema.org","@graph":[{"@type":"WebPage","@id":"https:\/\/otticatrabuio.com\/occhiali-da-tiro\/scegliere-il-giusto-colore-del-filtro\/","url":"https:\/\/otticatrabuio.com\/occhiali-da-tiro\/scegliere-il-giusto-colore-del-filtro\/","name":"Scegliere il giusto colore del filtro - Ottica Trabuio | Occhiali da Tiro","isPartOf":{"@id":"https:\/\/otticatrabuio.com\/occhiali-da-tiro\/#website"},"primaryImageOfPage":{"@id":"https:\/\/otticatrabuio.com\/occhiali-da-tiro\/scegliere-il-giusto-colore-del-filtro\/#primaryimage"},"image":{"@id":"https:\/\/otticatrabuio.com\/occhiali-da-tiro\/scegliere-il-giusto-colore-del-filtro\/#primaryimage"},"thumbnailUrl":"https:\/\/otticatrabuio.com\/occhiali-da-tiro\/wp-content\/uploads\/sites\/3\/2025\/10\/tavola-colori-filtri-decot.jpg","datePublished":"2025-10-27T14:31:50+00:00","breadcrumb":{"@id":"https:\/\/otticatrabuio.com\/occhiali-da-tiro\/scegliere-il-giusto-colore-del-filtro\/#breadcrumb"},"inLanguage":"it-IT","potentialAction":[{"@type":"ReadAction","target":["https:\/\/otticatrabuio.com\/occhiali-da-tiro\/scegliere-il-giusto-colore-del-filtro\/"]}]},{"@type":"ImageObject","inLanguage":"it-IT","@id":"https:\/\/otticatrabuio.com\/occhiali-da-tiro\/scegliere-il-giusto-colore-del-filtro\/#primaryimage","url":"https:\/\/otticatrabuio.com\/occhiali-da-tiro\/wp-content\/uploads\/sites\/3\/2025\/10\/tavola-colori-filtri-decot.jpg","contentUrl":"https:\/\/otticatrabuio.com\/occhiali-da-tiro\/wp-content\/uploads\/sites\/3\/2025\/10\/tavola-colori-filtri-decot.jpg","width":660,"height":550},{"@type":"BreadcrumbList","@id":"https:\/\/otticatrabuio.com\/occhiali-da-tiro\/scegliere-il-giusto-colore-del-filtro\/#breadcrumb","itemListElement":[{"@type":"ListItem","position":1,"name":"Home","item":"https:\/\/otticatrabuio.com\/occhiali-da-tiro\/"},{"@type":"ListItem","position":2,"name":"Scegliere il giusto colore del filtro"}]},{"@type":"WebSite","@id":"https:\/\/otticatrabuio.com\/occhiali-da-tiro\/#website","url":"https:\/\/otticatrabuio.com\/occhiali-da-tiro\/","name":"Ottica Trabuio | Occhiali da Tiro","description":"","publisher":{"@id":"https:\/\/otticatrabuio.com\/occhiali-da-tiro\/#organization"},"potentialAction":[{"@type":"SearchAction","target":{"@type":"EntryPoint","urlTemplate":"https:\/\/otticatrabuio.com\/occhiali-da-tiro\/?s={search_term_string}"},"query-input":{"@type":"PropertyValueSpecification","valueRequired":true,"valueName":"search_term_string"}}],"inLanguage":"it-IT"},{"@type":"Organization","@id":"https:\/\/otticatrabuio.com\/occhiali-da-tiro\/#organization","name":"Ottica Trabuio | Occhiali da Tiro","url":"https:\/\/otticatrabuio.com\/occhiali-da-tiro\/","logo":{"@type":"ImageObject","inLanguage":"it-IT","@id":"https:\/\/otticatrabuio.com\/occhiali-da-tiro\/#\/schema\/logo\/image\/","url":"https:\/\/otticatrabuio.com\/occhiali-da-tiro\/wp-content\/uploads\/sites\/3\/2025\/07\/occhiali-da-tiro-logo-bianco.webp","contentUrl":"https:\/\/otticatrabuio.com\/occhiali-da-tiro\/wp-content\/uploads\/sites\/3\/2025\/07\/occhiali-da-tiro-logo-bianco.webp","width":507,"height":152,"caption":"Ottica Trabuio | Occhiali da Tiro"},"image":{"@id":"https:\/\/otticatrabuio.com\/occhiali-da-tiro\/#\/schema\/logo\/image\/"}}]}},"_links":{"self":[{"href":"https:\/\/otticatrabuio.com\/occhiali-da-tiro\/wp-json\/wp\/v2\/pages\/809","targetHints":{"allow":["GET"]}}],"collection":[{"href":"https:\/\/otticatrabuio.com\/occhiali-da-tiro\/wp-json\/wp\/v2\/pages"}],"about":[{"href":"https:\/\/otticatrabuio.com\/occhiali-da-tiro\/wp-json\/wp\/v2\/types\/page"}],"author":[{"embeddable":true,"href":"https:\/\/otticatrabuio.com\/occhiali-da-tiro\/wp-json\/wp\/v2\/users\/1"}],"replies":[{"embeddable":true,"href":"https:\/\/otticatrabuio.com\/occhiali-da-tiro\/wp-json\/wp\/v2\/comments?post=809"}],"version-history":[{"count":1,"href":"https:\/\/otticatrabuio.com\/occhiali-da-tiro\/wp-json\/wp\/v2\/pages\/809\/revisions"}],"predecessor-version":[{"id":811,"href":"https:\/\/otticatrabuio.com\/occhiali-da-tiro\/wp-json\/wp\/v2\/pages\/809\/revisions\/811"}],"wp:attachment":[{"href":"https:\/\/otticatrabuio.com\/occhiali-da-tiro\/wp-json\/wp\/v2\/media?parent=809"}],"curies":[{"name":"wp","href":"https:\/\/api.w.org\/{rel}","templated":true}]}}