{"id":69,"date":"2025-07-19T17:43:51","date_gmt":"2025-07-19T15:43:51","guid":{"rendered":"https:\/\/otticatrabuio.com\/maschere-sub-graduate\/prodotto\/black-and-white\/"},"modified":"2025-11-13T15:42:33","modified_gmt":"2025-11-13T14:42:33","slug":"big-eyes-evolution","status":"publish","type":"product","link":"https:\/\/otticatrabuio.com\/maschere-sub-graduate\/prodotto\/big-eyes-evolution\/","title":{"rendered":"Big Eyes Evolution"},"content":{"rendered":"<p><strong>Questa maschera rivoluzionaria<\/strong> \u00e8 realizzata in high seal, un nuovo materiale che offre un comfort straordinario e senza precedenti.<\/p>\n<p>Non solo \u00e8 stato scelto questo nuovo silicone ad alta tenuta, dall&#8217;eccezionale morbidezza e comfort, ma l&#8217;intero design del facciale ha seguito nuove regole che consentono un punto di contatto tra la maschera e il viso con un angolo molto aperto. La maschera si appoggia sul viso con un comfort senza precedenti e non lascia segni sulla pelle, anche dopo un uso prolungato.<\/p>\n<p>Naturalmente, per ottenere un tale risultato l&#8217;intera struttura del facciale \u00e8 differenziata, con nervature interne che irrigidiscono le parti della maschera pi\u00f9 sollecitate.<\/p>\n<p>Big eyes evolution \u00e8 stata creata per accogliere le lenti da vista. La confezione di big eyes evolution \u00e8 completamente riciclabile e la parte inferiore nera \u00e8 stata realizzata con materiale riciclato: anche cressi ha a cuore l&#8217;ambiente!<\/p>\n","protected":false},"excerpt":{"rendered":"<ul>\n<li>Le lenti a goccia garantiscono un eccellente campo visivo<\/li>\n<li>Le lenti a goccia invertite migliorano la visibilit\u00e0 verso il basso per la gestione dell&#8217;attrezzatura montata su jacket<\/li>\n<li>Il basso volume interno migliora la semplicit\u00e0 di pulizia delle lenti<\/li>\n<li>Il facciale in silicone a doppia densit\u00e0 si flette per garantire una tenuta perfetta lungo il viso e un sostegno completo intorno alla montatura<\/li>\n<li>Il facciale a coste fornisce supporto dove necessario per una vestibilit\u00e0 morbida e flessibile<\/li>\n<li>Le fibbie a regolazione micrometrica consentono una regolazione precisa dell&#8217;archetto<\/li>\n<li>Le fibbie girevoli si collegano a linguette in elastomero flessibili e indistruttibili per una durata e un comfort totali<\/li>\n<li>Possibilit\u00e0 di montare lenti ottiche<\/li>\n<\/ul>\n","protected":false},"featured_media":328,"template":"","meta":[],"product_brand":[22],"product_cat":[15],"product_tag":[],"class_list":{"0":"post-69","1":"product","2":"type-product","3":"status-publish","4":"has-post-thumbnail","6":"product_brand-cressi","7":"product_cat-senza-categoria","9":"first","10":"instock","11":"taxable","12":"shipping-taxable","13":"purchasable","14":"product-type-variable"},"_links":{"self":[{"href":"https:\/\/otticatrabuio.com\/maschere-sub-graduate\/wp-json\/wp\/v2\/product\/69","targetHints":{"allow":["GET"]}}],"collection":[{"href":"https:\/\/otticatrabuio.com\/maschere-sub-graduate\/wp-json\/wp\/v2\/product"}],"about":[{"href":"https:\/\/otticatrabuio.com\/maschere-sub-graduate\/wp-json\/wp\/v2\/types\/product"}],"wp:featuredmedia":[{"embeddable":true,"href":"https:\/\/otticatrabuio.com\/maschere-sub-graduate\/wp-json\/wp\/v2\/media\/328"}],"wp:attachment":[{"href":"https:\/\/otticatrabuio.com\/maschere-sub-graduate\/wp-json\/wp\/v2\/media?parent=69"}],"wp:term":[{"taxonomy":"product_brand","embeddable":true,"href":"https:\/\/otticatrabuio.com\/maschere-sub-graduate\/wp-json\/wp\/v2\/product_brand?post=69"},{"taxonomy":"product_cat","embeddable":true,"href":"https:\/\/otticatrabuio.com\/maschere-sub-graduate\/wp-json\/wp\/v2\/product_cat?post=69"},{"taxonomy":"product_tag","embeddable":true,"href":"https:\/\/otticatrabuio.com\/maschere-sub-graduate\/wp-json\/wp\/v2\/product_tag?post=69"}],"curies":[{"name":"wp","href":"https:\/\/api.w.org\/{rel}","templated":true}]}}