{"id":526,"date":"2025-10-26T17:45:11","date_gmt":"2025-10-26T16:45:11","guid":{"rendered":"https:\/\/otticatrabuio.com\/maschere-sub-graduate\/?post_type=product&#038;p=526"},"modified":"2025-11-02T17:26:42","modified_gmt":"2025-11-02T16:26:42","slug":"quantum","status":"publish","type":"product","link":"https:\/\/otticatrabuio.com\/maschere-sub-graduate\/prodotto\/quantum\/","title":{"rendered":"Quantum"},"content":{"rendered":"<div id=\"shopify-section-template--22294931865944__main\" class=\"shopify-section\">\n<section data-section-id=\"template--22294931865944__main\" data-section-type=\"product\" data-section-settings=\"{ &quot;showShippingEstimator&quot;: false, &quot;showQuantitySelector&quot;: false, &quot;showPaymentButton&quot;: true, &quot;showInventoryQuantity&quot;: true, &quot;lowInventoryThreshold&quot;: 0, &quot;galleryTransitionEffect&quot;: &quot;fade&quot;, &quot;enableImageZoom&quot;: true, &quot;zoomEffect&quot;: &quot;inside&quot;, &quot;enableVideoLooping&quot;: true, &quot;productOptions&quot;: [&quot;Colore&quot;], &quot;enableHistoryState&quot;: true, &quot;infoOverflowScroll&quot;: true, &quot;isQuickView&quot;: false }\">\n<div class=\"container container--flush\">\n<div class=\"product-block-list product-block-list--medium\">\n<div class=\"product-block-list__wrapper\">\n<div class=\"product-block-list__item product-block-list__item--description\">\n<div class=\"card\">\n<div id=\"block-template--22294931865944__main-description\" class=\"card__collapsible\">\n<div class=\"card__collapsible-content\">\n<div class=\"rte text--pull\">La principale innovazione delle maschere Quantum<br \/>\n\u00e8 che, oltre a offrire una migliore visione verso il basso, evita il fenomeno dell&#8217;appannamento grazie alla termoregolazione interna dell&#8217;aria calda e umida che esce dal naso. Quest&#8217;aria viene incanalata da un sistema di membrane incastonate nello stampo intorno agli occhi e al naso, che deviano il flusso verso il facciale di gomma anzich\u00e9 verso le lenti.<br \/>\nLa parte esterna del facciale presenta un sistema di raffreddamento composto da due piccoli scambiatori di calore che fungono da radiatori. L&#8217;effetto \u00e8 che la temperatura all&#8217;interno delle maschere si abbassa, avvicinandosi a quella esterna, e le goccioline di umidit\u00e0 vengono intrappolate prima che l&#8217;aria raggiunga le lenti, evitando che si appannino.<br \/>\nNonostante la presenza di piccole membrane interne<br \/>\nmembrane interne che deviano il flusso d&#8217;aria e degli scambiatori di calore esterni, il corpo delle maschere Quantum \u00e8 comunque compatto e rappresenta il design pi\u00f9 avanzato offerto sul mercato della visione subacquea. Le lenti non sono trattate chimicamente e bisogna ricordare che quando la maschera \u00e8 nuova, come nel caso delle maschere<br \/>\n\u00e8 nuova, come tutte le maschere, si consiglia di pulire accuratamente le lenti con dentifricio o detersivo per piatti, o semplicemente di utilizzare Cressi Antifog per eliminare tutti i materiali volatili e la polvere che possono essersi depositati sul vetro. \u00c8 inoltre sempre utile utilizzare la saliva come tensioattivo prima di ogni immersione.<\/div>\n<\/div>\n<\/div>\n<\/div>\n<\/div>\n<\/div>\n<\/div>\n<\/div>\n<\/section>\n<\/div>\n<div id=\"shopify-section-template--22294931865944__enhanced_content_kVtyCg\" class=\"shopify-section\">\n<section class=\"section section--tight\" data-section-id=\"template--22294931865944__enhanced_content_kVtyCg\" data-section-type=\"enhanced-content\">\n<div class=\"container\">\n<div class=\"slideshow-container\">\n<div class=\"slides\"><\/div>\n<\/div>\n<\/div>\n<\/section>\n<\/div>\n","protected":false},"excerpt":{"rendered":"<p>\u2022 Membrane interne<br \/>\nUna membrana brevettata che circonda la tasca interna del naso ed entrambe le tasche interne degli occhi agisce come una barriera e trattiene l&#8217;umidit\u00e0 che fuoriesce involontariamente dal naso del subacqueo quando respira con la bocca. il risultato \u00e8 che non solo l&#8217;umidit\u00e0 viene incanalata lontano dalle lenti, evitando cos\u00ec l&#8217;appannamento delle stesse, ma riduce anche la necessit\u00e0 di compensare la pressione. per migliorare ulteriormente l&#8217;effetto antiappannamento, cressi suggerisce, le prime volte che si usa la maschera subacquea, di spruzzare un po&#8217; di soluzione antiappannamento o di applicare un po&#8217; di saliva all&#8217;interno delle lenti e poi di sciacquarle con acqua.<br \/>\n\u2022 Scambiatore di calore<br \/>\nLa parte esterna del facciale presenta un sistema di raffreddamento composto da due piccoli scambiatori di calore che fungono da radiatori. grazie a questo sistema, la temperatura all&#8217;interno della maschera si abbassa, avvicinandosi alla temperatura esterna, e le goccioline di umidit\u00e0 vengono intrappolate prima che l&#8217;aria raggiunga le lenti, evitando che si appannino.<\/p>\n","protected":false},"featured_media":527,"template":"","meta":[],"product_brand":[],"product_cat":[15],"product_tag":[],"class_list":{"0":"post-526","1":"product","2":"type-product","3":"status-publish","4":"has-post-thumbnail","6":"product_cat-senza-categoria","8":"first","9":"instock","10":"taxable","11":"shipping-taxable","12":"purchasable","13":"product-type-variable"},"_links":{"self":[{"href":"https:\/\/otticatrabuio.com\/maschere-sub-graduate\/wp-json\/wp\/v2\/product\/526","targetHints":{"allow":["GET"]}}],"collection":[{"href":"https:\/\/otticatrabuio.com\/maschere-sub-graduate\/wp-json\/wp\/v2\/product"}],"about":[{"href":"https:\/\/otticatrabuio.com\/maschere-sub-graduate\/wp-json\/wp\/v2\/types\/product"}],"wp:featuredmedia":[{"embeddable":true,"href":"https:\/\/otticatrabuio.com\/maschere-sub-graduate\/wp-json\/wp\/v2\/media\/527"}],"wp:attachment":[{"href":"https:\/\/otticatrabuio.com\/maschere-sub-graduate\/wp-json\/wp\/v2\/media?parent=526"}],"wp:term":[{"taxonomy":"product_brand","embeddable":true,"href":"https:\/\/otticatrabuio.com\/maschere-sub-graduate\/wp-json\/wp\/v2\/product_brand?post=526"},{"taxonomy":"product_cat","embeddable":true,"href":"https:\/\/otticatrabuio.com\/maschere-sub-graduate\/wp-json\/wp\/v2\/product_cat?post=526"},{"taxonomy":"product_tag","embeddable":true,"href":"https:\/\/otticatrabuio.com\/maschere-sub-graduate\/wp-json\/wp\/v2\/product_tag?post=526"}],"curies":[{"name":"wp","href":"https:\/\/api.w.org\/{rel}","templated":true}]}}